{"id":1265,"date":"2024-03-05T18:26:23","date_gmt":"2024-03-05T18:26:23","guid":{"rendered":"https:\/\/teadev.thatenglishaccent.com\/come-insegniamo\/"},"modified":"2025-12-01T18:41:19","modified_gmt":"2025-12-01T18:41:19","slug":"come-insegniamo","status":"publish","type":"page","link":"https:\/\/thatenglishaccent.com\/it\/come-insegniamo\/","title":{"rendered":"Come insegniamo"},"content":{"rendered":"\t\t<div data-elementor-type=\"wp-post\" data-elementor-id=\"1265\" class=\"elementor elementor-1265 elementor-241\" data-elementor-post-type=\"page\">\n\t\t\t\t<div class=\"elementor-element elementor-element-0491187 e-con-full e-flex e-con e-parent\" data-id=\"0491187\" data-element_type=\"container\" data-e-type=\"container\">\n\t\t\t\t<div class=\"elementor-element elementor-element-4d08395 elementor-widget__width-initial elementor-widget-mobile__width-inherit elementor-invisible elementor-widget elementor-widget-heading\" data-id=\"4d08395\" data-element_type=\"widget\" data-e-type=\"widget\" data-settings=\"{&quot;_animation&quot;:&quot;fadeIn&quot;}\" data-widget_type=\"heading.default\">\n\t\t\t\t<div class=\"elementor-widget-container\">\n\t\t\t\t\t<h1 class=\"elementor-heading-title elementor-size-default\">Imparare a<br><em>parlare<\/em><br>come un madrelingua<\/h1>\t\t\t\t<\/div>\n\t\t\t\t<\/div>\n\t\t\t\t<div class=\"elementor-element elementor-element-c477109 elementor-widget__width-initial elementor-widget-tablet__width-initial elementor-widget-mobile__width-inherit elementor-widget elementor-widget-image\" data-id=\"c477109\" data-element_type=\"widget\" data-e-type=\"widget\" data-widget_type=\"image.default\">\n\t\t\t\t<div class=\"elementor-widget-container\">\n\t\t\t\t\t\t\t\t\t\t\t\t\t\t\t<img fetchpriority=\"high\" decoding=\"async\" width=\"961\" height=\"947\" src=\"https:\/\/thatenglishaccent.com\/wp-content\/uploads\/2024\/03\/how-we-teach-hero.jpg\" class=\"attachment-full size-full wp-image-243\" alt=\"\" srcset=\"https:\/\/thatenglishaccent.com\/wp-content\/uploads\/2024\/03\/how-we-teach-hero.jpg 961w, https:\/\/thatenglishaccent.com\/wp-content\/uploads\/2024\/03\/how-we-teach-hero-300x296.jpg 300w, https:\/\/thatenglishaccent.com\/wp-content\/uploads\/2024\/03\/how-we-teach-hero-768x757.jpg 768w\" sizes=\"(max-width: 961px) 100vw, 961px\" \/>\t\t\t\t\t\t\t\t\t\t\t\t\t\t\t<\/div>\n\t\t\t\t<\/div>\n\t\t\t\t<\/div>\n\t\t<div class=\"elementor-element elementor-element-a877f82 e-flex e-con-boxed e-con e-parent\" data-id=\"a877f82\" data-element_type=\"container\" data-e-type=\"container\">\n\t\t\t\t\t<div class=\"e-con-inner\">\n\t\t\t\t<div class=\"elementor-element elementor-element-3bb4fe2 elementor-widget elementor-widget-heading\" data-id=\"3bb4fe2\" data-element_type=\"widget\" data-e-type=\"widget\" data-widget_type=\"heading.default\">\n\t\t\t\t<div class=\"elementor-widget-container\">\n\t\t\t\t\t<h3 class=\"elementor-heading-title elementor-size-default\">Cosa c'\u00e8 da sapere...<\/h3>\t\t\t\t<\/div>\n\t\t\t\t<\/div>\n\t\t\t\t\t<\/div>\n\t\t\t\t<\/div>\n\t\t<div class=\"elementor-element elementor-element-6e8fdbf e-grid e-con-boxed e-con e-parent\" data-id=\"6e8fdbf\" data-element_type=\"container\" data-e-type=\"container\">\n\t\t\t\t\t<div class=\"e-con-inner\">\n\t\t\t\t<div class=\"elementor-element elementor-element-2c22243 elementor-position-left elementor-vertical-align-top elementor-widget elementor-widget-image-box\" data-id=\"2c22243\" data-element_type=\"widget\" data-e-type=\"widget\" data-widget_type=\"image-box.default\">\n\t\t\t\t<div class=\"elementor-widget-container\">\n\t\t\t\t\t<div class=\"elementor-image-box-wrapper\"><figure class=\"elementor-image-box-img\"><img decoding=\"async\" width=\"203\" height=\"203\" src=\"https:\/\/thatenglishaccent.com\/wp-content\/uploads\/2024\/03\/icon-group.png\" class=\"attachment-full size-full wp-image-75\" alt=\"\" srcset=\"https:\/\/thatenglishaccent.com\/wp-content\/uploads\/2024\/03\/icon-group.png 203w, https:\/\/thatenglishaccent.com\/wp-content\/uploads\/2024\/03\/icon-group-150x150.png 150w\" sizes=\"(max-width: 203px) 100vw, 203px\" \/><\/figure><div class=\"elementor-image-box-content\"><h3 class=\"elementor-image-box-title\">Lezioni individuali<\/h3><p class=\"elementor-image-box-description\">Crediamo che il modo piu\u0300 efficace per imparare una lingua consista in lezioni individuali, personalizzate e di alta qualita\u0300. La nostra priorit\u00e0 \u00e8 trattare ogni studente individualmente in modo che possa diventare il pi\u00f9 sicuro di s\u00e9 nel modo pi\u00f9 veloce possibile.<\/p><\/div><\/div>\t\t\t\t<\/div>\n\t\t\t\t<\/div>\n\t\t\t\t<div class=\"elementor-element elementor-element-95e153e elementor-position-left elementor-vertical-align-top elementor-widget elementor-widget-image-box\" data-id=\"95e153e\" data-element_type=\"widget\" data-e-type=\"widget\" data-widget_type=\"image-box.default\">\n\t\t\t\t<div class=\"elementor-widget-container\">\n\t\t\t\t\t<div class=\"elementor-image-box-wrapper\"><figure class=\"elementor-image-box-img\"><img decoding=\"async\" width=\"224\" height=\"204\" src=\"https:\/\/thatenglishaccent.com\/wp-content\/uploads\/2024\/03\/icon-teacher.png\" class=\"attachment-full size-full wp-image-81\" alt=\"\" \/><\/figure><div class=\"elementor-image-box-content\"><h3 class=\"elementor-image-box-title\">Lezioni online<\/h3><p class=\"elementor-image-box-description\">Le nostre lezioni si svolgono su diverse piattaforme come Zoom, Google Meet, Messenger, Whatsapp e Skype. Puoi scegliere la piattaforma pi\u00f9 adatta a te. Tutto ci\u00f2 di cui hai bisogno \u00e8 una buona connessione a internet e un computer, un telefono o un tablet.<\/p><\/div><\/div>\t\t\t\t<\/div>\n\t\t\t\t<\/div>\n\t\t\t\t<div class=\"elementor-element elementor-element-e370bb2 elementor-position-left elementor-vertical-align-top elementor-widget elementor-widget-image-box\" data-id=\"e370bb2\" data-element_type=\"widget\" data-e-type=\"widget\" data-widget_type=\"image-box.default\">\n\t\t\t\t<div class=\"elementor-widget-container\">\n\t\t\t\t\t<div class=\"elementor-image-box-wrapper\"><figure class=\"elementor-image-box-img\"><img loading=\"lazy\" decoding=\"async\" width=\"216\" height=\"215\" src=\"https:\/\/thatenglishaccent.com\/wp-content\/uploads\/2024\/03\/icon-camera.png\" class=\"attachment-full size-full wp-image-72\" alt=\"\" srcset=\"https:\/\/thatenglishaccent.com\/wp-content\/uploads\/2024\/03\/icon-camera.png 216w, https:\/\/thatenglishaccent.com\/wp-content\/uploads\/2024\/03\/icon-camera-150x150.png 150w\" sizes=\"(max-width: 216px) 100vw, 216px\" \/><\/figure><div class=\"elementor-image-box-content\"><h3 class=\"elementor-image-box-title\">Con o senza telecamera<\/h3><p class=\"elementor-image-box-description\">Sappiamo che imparare l'inglese pu\u00f2 spaventare. Per questo motivo ti lasciamo scegliere se preferisci le videochiamate o le chiamate audio.<\/p><\/div><\/div>\t\t\t\t<\/div>\n\t\t\t\t<\/div>\n\t\t\t\t<div class=\"elementor-element elementor-element-eba198a elementor-position-left elementor-vertical-align-top elementor-widget elementor-widget-image-box\" data-id=\"eba198a\" data-element_type=\"widget\" data-e-type=\"widget\" data-widget_type=\"image-box.default\">\n\t\t\t\t<div class=\"elementor-widget-container\">\n\t\t\t\t\t<div class=\"elementor-image-box-wrapper\"><figure class=\"elementor-image-box-img\"><img loading=\"lazy\" decoding=\"async\" width=\"233\" height=\"233\" src=\"https:\/\/thatenglishaccent.com\/wp-content\/uploads\/2024\/03\/icon-30mins.png\" class=\"attachment-full size-full wp-image-69\" alt=\"\" srcset=\"https:\/\/thatenglishaccent.com\/wp-content\/uploads\/2024\/03\/icon-30mins.png 233w, https:\/\/thatenglishaccent.com\/wp-content\/uploads\/2024\/03\/icon-30mins-150x150.png 150w\" sizes=\"(max-width: 233px) 100vw, 233px\" \/><\/figure><div class=\"elementor-image-box-content\"><h3 class=\"elementor-image-box-title\">Lezioni brevi tutte le volte che volete<\/h3><p class=\"elementor-image-box-description\">Fai lezione tutte le volte che vuoi. \u00c8 possibile tenere le lezioni alla stessa ora ogni settimana o scegliere di incontrarsi pi\u00f9 spontaneamente. Le nostre lezioni individuali durano solo 30 minuti e si adattano perfettamente al nostro metodo di insegnamento TEA.<\/p><\/div><\/div>\t\t\t\t<\/div>\n\t\t\t\t<\/div>\n\t\t\t\t\t<\/div>\n\t\t\t\t<\/div>\n\t\t<div class=\"elementor-element elementor-element-f1030fc e-con-full e-flex e-con e-parent\" data-id=\"f1030fc\" data-element_type=\"container\" data-e-type=\"container\" data-settings=\"{&quot;background_background&quot;:&quot;classic&quot;}\">\n\t\t<div class=\"elementor-element elementor-element-f9fc2a9 e-con-full e-flex e-con e-child\" data-id=\"f9fc2a9\" data-element_type=\"container\" data-e-type=\"container\">\n\t\t\t\t<div class=\"elementor-element elementor-element-6e01844 elementor-invisible elementor-widget elementor-widget-image\" data-id=\"6e01844\" data-element_type=\"widget\" data-e-type=\"widget\" data-settings=\"{&quot;_animation&quot;:&quot;fadeIn&quot;}\" data-widget_type=\"image.default\">\n\t\t\t\t<div class=\"elementor-widget-container\">\n\t\t\t\t\t\t\t\t\t\t\t\t\t\t\t<img loading=\"lazy\" decoding=\"async\" width=\"1000\" height=\"839\" src=\"https:\/\/thatenglishaccent.com\/wp-content\/uploads\/2024\/03\/how-we-teach.jpg\" class=\"attachment-full size-full wp-image-247\" alt=\"How we teach\" srcset=\"https:\/\/thatenglishaccent.com\/wp-content\/uploads\/2024\/03\/how-we-teach.jpg 1000w, https:\/\/thatenglishaccent.com\/wp-content\/uploads\/2024\/03\/how-we-teach-300x252.jpg 300w, https:\/\/thatenglishaccent.com\/wp-content\/uploads\/2024\/03\/how-we-teach-768x644.jpg 768w\" sizes=\"(max-width: 1000px) 100vw, 1000px\" \/>\t\t\t\t\t\t\t\t\t\t\t\t\t\t\t<\/div>\n\t\t\t\t<\/div>\n\t\t\t\t<\/div>\n\t\t<div class=\"elementor-element elementor-element-f693e6f e-con-full e-flex e-con e-child\" data-id=\"f693e6f\" data-element_type=\"container\" data-e-type=\"container\">\n\t\t\t\t<div class=\"elementor-element elementor-element-4703cd1 elementor-widget elementor-widget-heading\" data-id=\"4703cd1\" data-element_type=\"widget\" data-e-type=\"widget\" data-widget_type=\"heading.default\">\n\t\t\t\t<div class=\"elementor-widget-container\">\n\t\t\t\t\t<h4 class=\"elementor-heading-title elementor-size-default\">Diventare sicuri e fluenti<\/h4>\t\t\t\t<\/div>\n\t\t\t\t<\/div>\n\t\t\t\t<div class=\"elementor-element elementor-element-005aa44 elementor-widget elementor-widget-text-editor\" data-id=\"005aa44\" data-element_type=\"widget\" data-e-type=\"widget\" data-widget_type=\"text-editor.default\">\n\t\t\t\t<div class=\"elementor-widget-container\">\n\t\t\t\t\t\t\t\t\t<h5><strong>Con il nostro aiuto potrai:<\/strong><\/h5><ul><li>Ampliare il vocabolario e migliorare l&#8217;accento<\/li><li>Iniziare a usare una grammatica perfetta (senza l&#8217;uso di esercizi noiosi)<\/li><li>Superare le barriere linguistiche e aumentare la fiducia in se stessi<\/li><li>Parlare in inglese con sicurezza, con tutti e di tutto<\/li><\/ul><p>\u00c8 ora di lasciarsi alle spalle le barriere linguistiche&#8230;<\/p><p>Con TEA capirai, leggerai e parlerai\u00a0come un madrelingua in pochissimo tempo!<\/p>\t\t\t\t\t\t\t\t<\/div>\n\t\t\t\t<\/div>\n\t\t\t\t<\/div>\n\t\t\t\t<\/div>\n\t\t<div class=\"elementor-element elementor-element-7c7f438 e-flex e-con-boxed e-con e-parent\" data-id=\"7c7f438\" data-element_type=\"container\" data-e-type=\"container\" data-settings=\"{&quot;background_background&quot;:&quot;classic&quot;}\">\n\t\t\t\t\t<div class=\"e-con-inner\">\n\t\t\t\t<div class=\"elementor-element elementor-element-7c64d89 elementor-widget elementor-widget-heading\" data-id=\"7c64d89\" data-element_type=\"widget\" data-e-type=\"widget\" data-widget_type=\"heading.default\">\n\t\t\t\t<div class=\"elementor-widget-container\">\n\t\t\t\t\t<h3 class=\"elementor-heading-title elementor-size-default\">Cosa dicono gli altri studenti?<\/h3>\t\t\t\t<\/div>\n\t\t\t\t<\/div>\n\t\t\t\t<div class=\"elementor-element elementor-element-ac9f6ac elementor-testimonial--layout-image_above elementor-widget__width-initial elementor-testimonial--skin-default elementor-testimonial--align-center elementor-arrows-yes elementor-pagination-type-bullets elementor-widget elementor-widget-testimonial-carousel\" data-id=\"ac9f6ac\" data-element_type=\"widget\" data-e-type=\"widget\" data-settings=\"{&quot;slides_per_view&quot;:&quot;1&quot;,&quot;show_arrows&quot;:&quot;yes&quot;,&quot;pagination&quot;:&quot;bullets&quot;,&quot;speed&quot;:500,&quot;autoplay&quot;:&quot;yes&quot;,&quot;autoplay_speed&quot;:5000,&quot;loop&quot;:&quot;yes&quot;,&quot;pause_on_hover&quot;:&quot;yes&quot;,&quot;pause_on_interaction&quot;:&quot;yes&quot;,&quot;space_between&quot;:{&quot;unit&quot;:&quot;px&quot;,&quot;size&quot;:10,&quot;sizes&quot;:[]},&quot;space_between_tablet&quot;:{&quot;unit&quot;:&quot;px&quot;,&quot;size&quot;:10,&quot;sizes&quot;:[]},&quot;space_between_mobile&quot;:{&quot;unit&quot;:&quot;px&quot;,&quot;size&quot;:10,&quot;sizes&quot;:[]}}\" data-widget_type=\"testimonial-carousel.default\">\n\t\t\t\t<div class=\"elementor-widget-container\">\n\t\t\t\t\t\t\t\t\t<div class=\"elementor-swiper\">\n\t\t\t\t\t<div class=\"elementor-main-swiper swiper\" role=\"region\" aria-roledescription=\"carousel\" aria-label=\"Slides\">\n\t\t\t\t<div class=\"swiper-wrapper\">\n\t\t\t\t\t\t\t\t\t\t\t<div class=\"swiper-slide\" role=\"group\" aria-roledescription=\"slide\">\n\t\t\t\t\t\t\t\t\t<div class=\"elementor-testimonial\">\n\t\t\t\t\t\t\t<div class=\"elementor-testimonial__content\">\n\t\t\t\t\t<div class=\"elementor-testimonial__text\">\n\t\t\t\t\t\t<p>\"Le lezioni si basano principalmente sul superamento della barriera linguistica e dello stress legato alla conversazione. Questo \u00e8 esattamente ci\u00f2 che secondo me mancava nelle scuole. Le lezioni non sono trascinate, ci sono molte cose da fare e, grazie all'assenza di compiti a casa, credo che sia la scelta ideale per chi ha molte responsabilit\u00e0 ma vuole lavorare sulle proprie competenze linguistiche.\"<\/p>\n\t\t\t\t\t<\/div>\n\t\t\t\t\t<cite class=\"elementor-testimonial__cite\"><span class=\"elementor-testimonial__name\">Marlena<\/span><\/cite>\t\t\t\t<\/div>\n\t\t\t\t\t\t<div class=\"elementor-testimonial__footer\">\n\t\t\t\t\t\t\t\t\t<div class=\"elementor-testimonial__image\">\n\t\t\t\t\t\t<img decoding=\"async\" src=\"https:\/\/thatenglishaccent.com\/wp-content\/uploads\/2024\/03\/quote.svg\" alt=\"Marlena\">\n\t\t\t\t\t\t\t\t\t\t\t<\/div>\n\t\t\t\t\t\t\t\t\t\t\t<\/div>\n\t\t<\/div>\n\t\t\t\t\t\t\t\t<\/div>\n\t\t\t\t\t\t\t\t\t\t\t<div class=\"swiper-slide\" role=\"group\" aria-roledescription=\"slide\">\n\t\t\t\t\t\t\t\t\t<div class=\"elementor-testimonial\">\n\t\t\t\t\t\t\t<div class=\"elementor-testimonial__content\">\n\t\t\t\t\t<div class=\"elementor-testimonial__text\">\n\t\t\t\t\t\t<p>\"La mia insegnante ha un atteggiamento davvero positivo nei confronti di tutto, ti contagia con l'entusiasmo dell'apprendimento delle lingue. Propone articoli molto interessanti su cui poi discutiamo molto. La consiglio davvero!\".<\/p>\n\t\t\t\t\t<\/div>\n\t\t\t\t\t<cite class=\"elementor-testimonial__cite\"><span class=\"elementor-testimonial__name\">Krzysztof<\/span><\/cite>\t\t\t\t<\/div>\n\t\t\t\t\t\t<div class=\"elementor-testimonial__footer\">\n\t\t\t\t\t\t\t\t\t<div class=\"elementor-testimonial__image\">\n\t\t\t\t\t\t<img decoding=\"async\" src=\"https:\/\/thatenglishaccent.com\/wp-content\/uploads\/2024\/03\/quote.svg\" alt=\"Krzysztof\">\n\t\t\t\t\t\t\t\t\t\t\t<\/div>\n\t\t\t\t\t\t\t\t\t\t\t<\/div>\n\t\t<\/div>\n\t\t\t\t\t\t\t\t<\/div>\n\t\t\t\t\t\t\t\t\t\t\t<div class=\"swiper-slide\" role=\"group\" aria-roledescription=\"slide\">\n\t\t\t\t\t\t\t\t\t<div class=\"elementor-testimonial\">\n\t\t\t\t\t\t\t<div class=\"elementor-testimonial__content\">\n\t\t\t\t\t<div class=\"elementor-testimonial__text\">\n\t\t\t\t\t\t<p>\"Apprezzo le lezioni per l'atmosfera rilassata e priva di stress. Anni di istruzione mi hanno causato ansia nel parlare, ma queste lezioni mi danno l'opportunit\u00e0 di parlare liberamente in inglese che, secondo me, \u00e8 l'abilit\u00e0 di base di qualsiasi apprendimento linguistico.\"<\/p>\n\t\t\t\t\t<\/div>\n\t\t\t\t\t<cite class=\"elementor-testimonial__cite\"><span class=\"elementor-testimonial__name\">Kinga<\/span><\/cite>\t\t\t\t<\/div>\n\t\t\t\t\t\t<div class=\"elementor-testimonial__footer\">\n\t\t\t\t\t\t\t\t\t<div class=\"elementor-testimonial__image\">\n\t\t\t\t\t\t<img decoding=\"async\" src=\"https:\/\/thatenglishaccent.com\/wp-content\/uploads\/2024\/03\/quote.svg\" alt=\"Kinga\">\n\t\t\t\t\t\t\t\t\t\t\t<\/div>\n\t\t\t\t\t\t\t\t\t\t\t<\/div>\n\t\t<\/div>\n\t\t\t\t\t\t\t\t<\/div>\n\t\t\t\t\t\t\t\t\t<\/div>\n\t\t\t\t\t\t\t\t\t\t\t\t\t\t\t<div class=\"elementor-swiper-button elementor-swiper-button-prev\" role=\"button\" tabindex=\"0\" aria-label=\"Precedente\">\n\t\t\t\t\t\t\t<svg aria-hidden=\"true\" class=\"e-font-icon-svg e-eicon-chevron-left\" viewBox=\"0 0 1000 1000\" xmlns=\"http:\/\/www.w3.org\/2000\/svg\"><path d=\"M646 125C629 125 613 133 604 142L308 442C296 454 292 471 292 487 292 504 296 521 308 533L604 854C617 867 629 875 646 875 663 875 679 871 692 858 704 846 713 829 713 812 713 796 708 779 692 767L438 487 692 225C700 217 708 204 708 187 708 171 704 154 692 142 675 129 663 125 646 125Z\"><\/path><\/svg>\t\t\t\t\t\t<\/div>\n\t\t\t\t\t\t<div class=\"elementor-swiper-button elementor-swiper-button-next\" role=\"button\" tabindex=\"0\" aria-label=\"Successivo\">\n\t\t\t\t\t\t\t<svg aria-hidden=\"true\" class=\"e-font-icon-svg e-eicon-chevron-right\" viewBox=\"0 0 1000 1000\" xmlns=\"http:\/\/www.w3.org\/2000\/svg\"><path d=\"M696 533C708 521 713 504 713 487 713 471 708 454 696 446L400 146C388 133 375 125 354 125 338 125 325 129 313 142 300 154 292 171 292 187 292 204 296 221 308 233L563 492 304 771C292 783 288 800 288 817 288 833 296 850 308 863 321 871 338 875 354 875 371 875 388 867 400 854L696 533Z\"><\/path><\/svg>\t\t\t\t\t\t<\/div>\n\t\t\t\t\t\t\t\t\t\t\t\t\t\t\t\t<div class=\"swiper-pagination\"><\/div>\n\t\t\t\t\t\t\t\t\t\t\t\t<\/div>\n\t\t\t\t<\/div>\n\t\t\t\t\t\t\t\t<\/div>\n\t\t\t\t<\/div>\n\t\t\t\t\t<\/div>\n\t\t\t\t<\/div>\n\t\t<div class=\"elementor-element elementor-element-643a7d9 e-flex e-con-boxed e-con e-parent\" data-id=\"643a7d9\" data-element_type=\"container\" data-e-type=\"container\">\n\t\t\t\t\t<div class=\"e-con-inner\">\n\t\t<div class=\"elementor-element elementor-element-671ab06 e-con-full e-flex e-con e-child\" data-id=\"671ab06\" data-element_type=\"container\" data-e-type=\"container\" data-settings=\"{&quot;sticky&quot;:&quot;top&quot;,&quot;sticky_offset&quot;:100,&quot;sticky_parent&quot;:&quot;yes&quot;,&quot;sticky_on&quot;:[&quot;desktop&quot;,&quot;tablet&quot;],&quot;sticky_effects_offset&quot;:0,&quot;sticky_anchor_link_offset&quot;:0}\">\n\t\t\t\t<div class=\"elementor-element elementor-element-3644016 elementor-widget elementor-widget-heading\" data-id=\"3644016\" data-element_type=\"widget\" data-e-type=\"widget\" data-widget_type=\"heading.default\">\n\t\t\t\t<div class=\"elementor-widget-container\">\n\t\t\t\t\t<h3 class=\"elementor-heading-title elementor-size-default\">Tre miti sull'apprendimento delle lingue<\/h3>\t\t\t\t<\/div>\n\t\t\t\t<\/div>\n\t\t\t\t<div class=\"elementor-element elementor-element-6b85ab8 elementor-mobile-align-center elementor-invisible elementor-widget elementor-widget-button\" data-id=\"6b85ab8\" data-element_type=\"widget\" data-e-type=\"widget\" data-settings=\"{&quot;_animation&quot;:&quot;fadeInDown&quot;}\" data-widget_type=\"button.default\">\n\t\t\t\t<div class=\"elementor-widget-container\">\n\t\t\t\t\t\t\t\t\t<div class=\"elementor-button-wrapper\">\n\t\t\t\t\t<a class=\"elementor-button elementor-button-link elementor-size-sm\" href=\"https:\/\/thatenglishaccent.com\/contact-us\/\">\n\t\t\t\t\t\t<span class=\"elementor-button-content-wrapper\">\n\t\t\t\t\t\t\t\t\t<span class=\"elementor-button-text\">Contattaci<\/span>\n\t\t\t\t\t<\/span>\n\t\t\t\t\t<\/a>\n\t\t\t\t<\/div>\n\t\t\t\t\t\t\t\t<\/div>\n\t\t\t\t<\/div>\n\t\t\t\t<\/div>\n\t\t<div class=\"elementor-element elementor-element-9518d12 e-con-full e-flex e-con e-child\" data-id=\"9518d12\" data-element_type=\"container\" data-e-type=\"container\">\n\t\t\t\t<div class=\"elementor-element elementor-element-0a1a858 elementor-position-top elementor-widget elementor-widget-image-box\" data-id=\"0a1a858\" data-element_type=\"widget\" data-e-type=\"widget\" data-widget_type=\"image-box.default\">\n\t\t\t\t<div class=\"elementor-widget-container\">\n\t\t\t\t\t<div class=\"elementor-image-box-wrapper\"><figure class=\"elementor-image-box-img\"><img loading=\"lazy\" decoding=\"async\" width=\"184\" height=\"190\" src=\"https:\/\/thatenglishaccent.com\/wp-content\/uploads\/2024\/03\/icon-myth1.png\" class=\"attachment-full size-full wp-image-77\" alt=\"\" \/><\/figure><div class=\"elementor-image-box-content\"><h3 class=\"elementor-image-box-title\">Solo i bambini possono imparare le lingue straniere<\/h3><p class=\"elementor-image-box-description\"><strong>Sbagliato!<\/strong>  Non \u00e8 mai troppo tardi per iniziare a imparare. La nostra studentessa pi\u00f9 anziana finora ha 65 anni e se la cava benissimo! Due delle scuse pi\u00f9 comuni che sentiamo sono la mancanza di tempo e la sensazione di imbarazzo nel parlare. Si tratta di barriere psicologiche che spesso ereditiamo dalla scuola. Con That English Accent le nostre lezioni sono brevi e senza stress. Diamo grande importanza alla conversazione in un ambiente sicuro e amichevole.<\/p><\/div><\/div>\t\t\t\t<\/div>\n\t\t\t\t<\/div>\n\t\t\t\t<div class=\"elementor-element elementor-element-22aa7f8 elementor-position-top elementor-widget elementor-widget-image-box\" data-id=\"22aa7f8\" data-element_type=\"widget\" data-e-type=\"widget\" data-widget_type=\"image-box.default\">\n\t\t\t\t<div class=\"elementor-widget-container\">\n\t\t\t\t\t<div class=\"elementor-image-box-wrapper\"><figure class=\"elementor-image-box-img\"><img loading=\"lazy\" decoding=\"async\" width=\"184\" height=\"190\" src=\"https:\/\/thatenglishaccent.com\/wp-content\/uploads\/2024\/03\/icon-myth2.png\" class=\"attachment-full size-full wp-image-78\" alt=\"\" \/><\/figure><div class=\"elementor-image-box-content\"><h3 class=\"elementor-image-box-title\">Imparare una lingua \u00e8 un lavoro duro e stressante<\/h3><p class=\"elementor-image-box-description\"><strong>Sbagliato!<\/strong>  Questo potrebbe essere vero per chi dovesse\nprepararsi per gli esami a scuola, ma in That English\nAccent non ti appesantiamo con compiti o test.\nCrediamo che le nostre lezioni debbano fornirti le\nconoscenze sufficienti per parlare un inglese fluente\nsenza alcun lavoro aggiuntivo. Ci assicuriamo che tu ti\nsenta a tuo agio e sereno durante le nostre lezioni. In\npoco tempo ti aprirai e comincerai a parlare. Se sei\nriuscito a imparare la tua lingua madre, puoi farlo di\nnuovo con l'inglese!<\/p><\/div><\/div>\t\t\t\t<\/div>\n\t\t\t\t<\/div>\n\t\t\t\t<div class=\"elementor-element elementor-element-209201a elementor-position-top elementor-widget elementor-widget-image-box\" data-id=\"209201a\" data-element_type=\"widget\" data-e-type=\"widget\" data-widget_type=\"image-box.default\">\n\t\t\t\t<div class=\"elementor-widget-container\">\n\t\t\t\t\t<div class=\"elementor-image-box-wrapper\"><figure class=\"elementor-image-box-img\"><img loading=\"lazy\" decoding=\"async\" width=\"184\" height=\"192\" src=\"https:\/\/thatenglishaccent.com\/wp-content\/uploads\/2024\/03\/icon-myth3.png\" class=\"attachment-full size-full wp-image-79\" alt=\"\" \/><\/figure><div class=\"elementor-image-box-content\"><h3 class=\"elementor-image-box-title\">Gli esercizi di grammatica sono una parte fondamentale dell'apprendimento di una lingua.<\/h3><p class=\"elementor-image-box-description\"><strong>Sbagliato!<\/strong>  Come imparano i bambini la loro lingua madre? Non attraverso esercizi di grammatica, ma ascoltando, parlando e leggendo. Ecco perch\u00e9 in That English Accent ci concentriamo soprattutto sulla comunicazione. Non preoccuparti, durante le nostre lezioni utilizzerai comunque tutte le strutture grammaticali corrette, ma lo farai in modo pratico.<\/p><\/div><\/div>\t\t\t\t<\/div>\n\t\t\t\t<\/div>\n\t\t\t\t<\/div>\n\t\t\t\t\t<\/div>\n\t\t\t\t<\/div>\n\t\t<div class=\"elementor-element elementor-element-df43eb4 e-flex e-con-boxed e-con e-parent\" data-id=\"df43eb4\" data-element_type=\"container\" data-e-type=\"container\" data-settings=\"{&quot;background_background&quot;:&quot;classic&quot;}\">\n\t\t\t\t\t<div class=\"e-con-inner\">\n\t\t\t\t<div class=\"elementor-element elementor-element-8226998 elementor-widget elementor-widget-html\" data-id=\"8226998\" data-element_type=\"widget\" data-e-type=\"widget\" data-widget_type=\"html.default\">\n\t\t\t\t<div class=\"elementor-widget-container\">\n\t\t\t\t\t<!-- LightWidget WIDGET --><script src=\"https:\/\/cdn.lightwidget.com\/widgets\/lightwidget.js\"><\/script><iframe src=\"https:\/\/cdn.lightwidget.com\/widgets\/99119d1b0e905eddb787d76b872905dc.html\" scrolling=\"no\" allowtransparency=\"true\" class=\"lightwidget-widget\" style=\"width:100%;border:0;overflow:hidden;\"><\/iframe>\t\t\t\t<\/div>\n\t\t\t\t<\/div>\n\t\t\t\t\t<\/div>\n\t\t\t\t<\/div>\n\t\t\t\t<\/div>\n\t\t","protected":false},"excerpt":{"rendered":"<p>Imparare aparlarecome un madrelingua Cosa c&#8217;\u00e8 da sapere&#8230; Lezioni individuali Crediamo che il modo piu\u0300 efficace per imparare una lingua consista in lezioni individuali, personalizzate e di alta qualita\u0300. La nostra priorit\u00e0 \u00e8 trattare ogni studente individualmente in modo che possa diventare il pi\u00f9 sicuro di s\u00e9 nel modo pi\u00f9 veloce possibile. Lezioni online Le [&hellip;]<\/p>\n","protected":false},"author":1,"featured_media":0,"parent":0,"menu_order":0,"comment_status":"closed","ping_status":"closed","template":"","meta":{"_acf_changed":false,"inline_featured_image":false,"footnotes":""},"class_list":["post-1265","page","type-page","status-publish","hentry"],"acf":[],"_links":{"self":[{"href":"https:\/\/thatenglishaccent.com\/it\/wp-json\/wp\/v2\/pages\/1265","targetHints":{"allow":["GET"]}}],"collection":[{"href":"https:\/\/thatenglishaccent.com\/it\/wp-json\/wp\/v2\/pages"}],"about":[{"href":"https:\/\/thatenglishaccent.com\/it\/wp-json\/wp\/v2\/types\/page"}],"author":[{"embeddable":true,"href":"https:\/\/thatenglishaccent.com\/it\/wp-json\/wp\/v2\/users\/1"}],"replies":[{"embeddable":true,"href":"https:\/\/thatenglishaccent.com\/it\/wp-json\/wp\/v2\/comments?post=1265"}],"version-history":[{"count":13,"href":"https:\/\/thatenglishaccent.com\/it\/wp-json\/wp\/v2\/pages\/1265\/revisions"}],"predecessor-version":[{"id":3801,"href":"https:\/\/thatenglishaccent.com\/it\/wp-json\/wp\/v2\/pages\/1265\/revisions\/3801"}],"wp:attachment":[{"href":"https:\/\/thatenglishaccent.com\/it\/wp-json\/wp\/v2\/media?parent=1265"}],"curies":[{"name":"wp","href":"https:\/\/api.w.org\/{rel}","templated":true}]}}