{"id":3210,"date":"2024-04-17T14:38:49","date_gmt":"2024-04-17T13:38:49","guid":{"rendered":"https:\/\/teadev.thatenglishaccent.com\/termini-e-condizioni\/"},"modified":"2025-12-01T18:46:13","modified_gmt":"2025-12-01T18:46:13","slug":"termini-e-condizioni","status":"publish","type":"page","link":"https:\/\/thatenglishaccent.com\/it\/termini-e-condizioni\/","title":{"rendered":"Termini e condizioni"},"content":{"rendered":"\t\t<div data-elementor-type=\"wp-page\" data-elementor-id=\"3210\" class=\"elementor elementor-3210 elementor-2876\" data-elementor-post-type=\"page\">\n\t\t\t\t<div class=\"elementor-element elementor-element-4f4121aa e-flex e-con-boxed e-con e-parent\" data-id=\"4f4121aa\" data-element_type=\"container\" data-e-type=\"container\">\n\t\t\t\t\t<div class=\"e-con-inner\">\n\t\t\t\t<div class=\"elementor-element elementor-element-859feb4 elementor-widget elementor-widget-heading\" data-id=\"859feb4\" data-element_type=\"widget\" data-e-type=\"widget\" data-widget_type=\"heading.default\">\n\t\t\t\t<div class=\"elementor-widget-container\">\n\t\t\t\t\t<h3 class=\"elementor-heading-title elementor-size-default\">Termini e condizioni<\/h3>\t\t\t\t<\/div>\n\t\t\t\t<\/div>\n\t\t\t\t<div class=\"elementor-element elementor-element-7d9b31e elementor-widget elementor-widget-text-editor\" data-id=\"7d9b31e\" data-element_type=\"widget\" data-e-type=\"widget\" data-widget_type=\"text-editor.default\">\n\t\t\t\t<div class=\"elementor-widget-container\">\n\t\t\t\t\t\t\t\t\t<p>Benvenuto sul sito web di That English Accent (il &#8220;Sito&#8221;), di propriet\u00e0 e gestito da That English Accent Ltd (&#8220;That English Accent&#8221;, &#8220;noi&#8221;, &#8220;ci&#8221; o &#8220;nostro&#8221;). Accedendo o utilizzando il Sito, l&#8217;utente accetta di rispettare e di essere vincolato dai seguenti Termini e Condizioni, nonch\u00e9 dalla nostra Informativa sulla privacy.<\/p><h2>Account utente<\/h2><p>L&#8217;utente deve creare un account con noi fornendo un nome utente, una password, un nome, un cognome, un indirizzo e-mail e altre informazioni personali come richiesto. Puoi chiudere il tuo account in qualsiasi momento.<\/p><h2>Pagamento e fatturazione<\/h2><p>I metodi di pagamento includono pagamenti con carta di credito o di debito. Puoi scegliere di effettuare un pagamento unico per una lezione alla volta o di abbonarti per una fatturazione settimanale in base al numero di lezioni scelte. I rimborsi sono disponibili per le lezioni cancellate pi\u00f9 di 24 ore prima dell&#8217;orario di inizio designato o a causa di problemi di internet che interrompono una lezione completa per meno dell&#8217;80%. Non \u00e8 previsto alcun rimborso per le lezioni cancellate meno di 24 ore prima dell&#8217;orario di inizio. I nuovi utenti hanno diritto a una lezione di prova gratuita.<\/p><h2>Propriet\u00e0 intellettuale<\/h2><p>That English Accent si riserva tutti i diritti sul logo, sul sito web, sul nome della societ\u00e0, sul formato delle lezioni e su qualsiasi altra propriet\u00e0 intellettuale. Le lezioni non possono essere riprodotte in alcuna forma senza l&#8217;autorizzazione del titolare del copyright.<\/p><h2>Informativa sulla privacy<\/h2><p>Raccogliamo informazioni di identificazione personale, come il tuo nome, indirizzo postale, indirizzo e-mail e numero di telefono, per fornirti i nostri prodotti e servizi. Non vendiamo, noleggiamo o affittiamo elenchi di clienti a terzi. Per maggiori dettagli, consulta la nostra Informativa sulla privacy.<\/p><h2>Comportamento dell&#8217;utente<\/h2><p>Gli utenti devono accettare la seguente condotta:<\/p><ol><li>Rispettare i diritti e la privacy degli altri.<\/li><li>Astenersi dal pubblicare o condividere contenuti illegali, diffamatori o che violino i diritti di propriet\u00e0 intellettuale.<\/li><li>Rispettare le linee guida della comunit\u00e0 e astenersi dall&#8217;intraprendere qualsiasi attivit\u00e0 che possa disturbare l&#8217;ambiente di apprendimento o causare danni ad altri.<\/li><li>Utilizzare i servizi e le risorse del sito web in modo responsabile e per lo scopo previsto.<\/li><\/ol><h2>Condivisione di informazioni con terze parti<\/h2><p>Possiamo condividere i dati con partner di fiducia per effettuare analisi statistiche, inviare comunicazioni, fornire assistenza ai clienti o organizzare consegne. Possiamo divulgare i tuoi dati personali se richiesto dalla legge o per proteggere i nostri diritti.<\/p><h2>Informazioni raccolte automaticamente<\/h2><p>Raccogliamo informazioni sull&#8217;hardware e sul software del tuo computer per il funzionamento del servizio e per fornire statistiche generali sull&#8217;utilizzo del nostro sito web.<\/p><h2>Utilizzo dei cookie<\/h2><p>Il nostro sito web pu\u00f2 utilizzare i cookie per personalizzare la tua esperienza online. L&#8217;utente ha la possibilit\u00e0 di accettare o rifiutare i cookie.<\/p><h2>Collegamenti<\/h2><p>Il nostro sito web contiene link ad altri siti. Non siamo responsabili del contenuto o delle pratiche di privacy di tali siti.<\/p><h2>Sicurezza dei tuoi dati personali<\/h2><p>Utilizziamo il protocollo SSL e l&#8217;SSL per proteggere i tuoi dati personali. Tuttavia, nessuna trasmissione di dati su Internet pu\u00f2 essere garantita come sicura al 100%.<\/p><h2>Risoluzione delle controversie<\/h2><p>In caso di controversie, contatta admin@thatenglishaccent.com per risolvere il problema. Se non si riesce a risolvere il problema, si pu\u00f2 ricorrere a un&#8217;azione legale.<\/p><h2>Limitazione di responsabilit\u00e0<\/h2><p>That English Accent non sar\u00e0 responsabile di alcun danno diretto, indiretto, incidentale, consequenziale o punitivo derivante da o in relazione all&#8217;uso o all&#8217;impossibilit\u00e0 di utilizzare il sito web o i suoi servizi. Ci\u00f2 include, a titolo esemplificativo ma non esaustivo, i danni per perdita di profitti, dati o altre perdite intangibili, anche se That English Accent \u00e8 stata avvisata della possibilit\u00e0 di tali danni. In nessun caso la responsabilit\u00e0 totale di That English Accent nei confronti dell&#8217;utente per tutti i danni superer\u00e0 l&#8217;importo pagato dall&#8217;utente, se del caso, per l&#8217;accesso o l&#8217;utilizzo del sito web negli ultimi sei mesi.<\/p><h2>Legge applicabile<\/h2><p>I presenti Termini e Condizioni saranno disciplinati e interpretati in conformit\u00e0 alle leggi dell&#8217;Inghilterra e del Galles, senza tener conto dei principi di conflitto di leggi. Qualsiasi azione o procedimento legale derivante da o correlato ai presenti Termini e Condizioni dovr\u00e0 essere portato avanti esclusivamente nei tribunali dell&#8217;Inghilterra e del Galles.<\/p><h2>Aggiornamenti e modifiche<\/h2><p>That English Accent si riserva il diritto di aggiornare o modificare i presenti Termini e Condizioni in qualsiasi momento e senza preavviso. Eventuali modifiche entreranno in vigore immediatamente dopo la pubblicazione sul sito web. \u00c8 responsabilit\u00e0 dell&#8217;utente rivedere periodicamente i presenti Termini e condizioni per verificare eventuali modifiche. L&#8217;uso continuato del sito web dopo tali modifiche costituisce l&#8217;accettazione dei nuovi Termini e Condizioni.<\/p><h2>Informazioni di contatto<\/h2><p><strong>INDIRIZZO<\/strong><br \/>That English Accent Ltd<br \/>2 Waverley Street<br \/>I Boschi<br \/>York<br \/>YO31 7QZ<\/p><p><strong>EMAIL<\/strong><br \/><a href=\"mailto:admin@thatenglishaccent.com\"><strong>admin@thatenglishaccent.com<\/strong><\/a><\/p>\t\t\t\t\t\t\t\t<\/div>\n\t\t\t\t<\/div>\n\t\t\t\t\t<\/div>\n\t\t\t\t<\/div>\n\t\t\t\t<\/div>\n\t\t","protected":false},"excerpt":{"rendered":"<p>Termini e condizioni Benvenuto sul sito web di That English Accent (il &#8220;Sito&#8221;), di propriet\u00e0 e gestito da That English Accent Ltd (&#8220;That English Accent&#8221;, &#8220;noi&#8221;, &#8220;ci&#8221; o &#8220;nostro&#8221;). Accedendo o utilizzando il Sito, l&#8217;utente accetta di rispettare e di essere vincolato dai seguenti Termini e Condizioni, nonch\u00e9 dalla nostra Informativa sulla privacy. Account utente [&hellip;]<\/p>\n","protected":false},"author":1,"featured_media":0,"parent":0,"menu_order":0,"comment_status":"closed","ping_status":"closed","template":"","meta":{"_acf_changed":false,"inline_featured_image":false,"footnotes":""},"class_list":["post-3210","page","type-page","status-publish","hentry"],"acf":[],"_links":{"self":[{"href":"https:\/\/thatenglishaccent.com\/it\/wp-json\/wp\/v2\/pages\/3210","targetHints":{"allow":["GET"]}}],"collection":[{"href":"https:\/\/thatenglishaccent.com\/it\/wp-json\/wp\/v2\/pages"}],"about":[{"href":"https:\/\/thatenglishaccent.com\/it\/wp-json\/wp\/v2\/types\/page"}],"author":[{"embeddable":true,"href":"https:\/\/thatenglishaccent.com\/it\/wp-json\/wp\/v2\/users\/1"}],"replies":[{"embeddable":true,"href":"https:\/\/thatenglishaccent.com\/it\/wp-json\/wp\/v2\/comments?post=3210"}],"version-history":[{"count":5,"href":"https:\/\/thatenglishaccent.com\/it\/wp-json\/wp\/v2\/pages\/3210\/revisions"}],"predecessor-version":[{"id":3810,"href":"https:\/\/thatenglishaccent.com\/it\/wp-json\/wp\/v2\/pages\/3210\/revisions\/3810"}],"wp:attachment":[{"href":"https:\/\/thatenglishaccent.com\/it\/wp-json\/wp\/v2\/media?parent=3210"}],"curies":[{"name":"wp","href":"https:\/\/api.w.org\/{rel}","templated":true}]}}