{"id":1349,"date":"2024-03-08T11:22:46","date_gmt":"2024-03-08T11:22:46","guid":{"rendered":"https:\/\/teadev.thatenglishaccent.com\/o-nas\/"},"modified":"2024-09-13T10:44:34","modified_gmt":"2024-09-13T09:44:34","slug":"o-nas","status":"publish","type":"page","link":"https:\/\/thatenglishaccent.com\/pl\/o-nas\/","title":{"rendered":"O nas"},"content":{"rendered":"\t\t<div data-elementor-type=\"wp-post\" data-elementor-id=\"1349\" class=\"elementor elementor-1349 elementor-405\" data-elementor-post-type=\"page\">\n\t\t\t\t<div class=\"elementor-element elementor-element-c017ba7 e-flex e-con-boxed e-con e-parent\" data-id=\"c017ba7\" data-element_type=\"container\" data-e-type=\"container\" data-settings=\"{&quot;background_background&quot;:&quot;classic&quot;}\">\n\t\t\t\t\t<div class=\"e-con-inner\">\n\t\t\t\t<div class=\"elementor-element elementor-element-6011a7d elementor-widget__width-initial about-header elementor-hidden-mobile elementor-invisible elementor-widget elementor-widget-text-editor\" data-id=\"6011a7d\" data-element_type=\"widget\" data-e-type=\"widget\" data-settings=\"{&quot;_animation&quot;:&quot;fadeIn&quot;}\" data-widget_type=\"text-editor.default\">\n\t\t\t\t<div class=\"elementor-widget-container\">\n\t\t\t\t\t\t\t\t\t<h1>\u0141\u0105czymy przez <em>rozmowy<\/em><\/h1>\n\t\t\t\t\t\t\t\t<\/div>\n\t\t\t\t<\/div>\n\t\t\t\t\t<\/div>\n\t\t\t\t<\/div>\n\t\t<div class=\"elementor-element elementor-element-f685ffa elementor-hidden-desktop elementor-hidden-tablet e-flex e-con-boxed e-con e-parent\" data-id=\"f685ffa\" data-element_type=\"container\" data-e-type=\"container\">\n\t\t\t\t\t<div class=\"e-con-inner\">\n\t\t\t\t<div class=\"elementor-element elementor-element-7a1a31a about-header elementor-widget elementor-widget-text-editor\" data-id=\"7a1a31a\" data-element_type=\"widget\" data-e-type=\"widget\" data-widget_type=\"text-editor.default\">\n\t\t\t\t<div class=\"elementor-widget-container\">\n\t\t\t\t\t\t\t\t\t<h1>Przywr\u00f3\u0107<br \/><em>rado\u015b\u0107<\/em><br \/>do nauki j\u0119zyk\u00f3w!<\/h1>\n\t\t\t\t\t\t\t\t<\/div>\n\t\t\t\t<\/div>\n\t\t\t\t\t<\/div>\n\t\t\t\t<\/div>\n\t\t<div class=\"elementor-element elementor-element-f1030fc e-flex e-con-boxed e-con e-parent\" data-id=\"f1030fc\" data-element_type=\"container\" data-e-type=\"container\" data-settings=\"{&quot;background_background&quot;:&quot;classic&quot;}\">\n\t\t\t\t\t<div class=\"e-con-inner\">\n\t\t<div class=\"elementor-element elementor-element-f9fc2a9 e-con-full e-flex e-con e-child\" data-id=\"f9fc2a9\" data-element_type=\"container\" data-e-type=\"container\" data-settings=\"{&quot;background_background&quot;:&quot;classic&quot;}\">\n\t\t\t\t<div class=\"elementor-element elementor-element-28f5a73 elementor-widget elementor-widget-video\" data-id=\"28f5a73\" data-element_type=\"widget\" data-e-type=\"widget\" data-settings=\"{&quot;youtube_url&quot;:&quot;https:\\\/\\\/www.youtube.com\\\/watch?v=4M6kttg5exo&quot;,&quot;video_type&quot;:&quot;youtube&quot;,&quot;controls&quot;:&quot;yes&quot;}\" data-widget_type=\"video.default\">\n\t\t\t\t<div class=\"elementor-widget-container\">\n\t\t\t\t\t\t\t<div class=\"elementor-wrapper elementor-open-inline\">\n\t\t\t<div class=\"elementor-video\"><\/div>\t\t<\/div>\n\t\t\t\t\t\t<\/div>\n\t\t\t\t<\/div>\n\t\t\t\t<\/div>\n\t\t<div class=\"elementor-element elementor-element-f693e6f e-con-full e-flex e-con e-child\" data-id=\"f693e6f\" data-element_type=\"container\" data-e-type=\"container\">\n\t\t\t\t<div class=\"elementor-element elementor-element-4703cd1 elementor-widget elementor-widget-heading\" data-id=\"4703cd1\" data-element_type=\"widget\" data-e-type=\"widget\" data-widget_type=\"heading.default\">\n\t\t\t\t<div class=\"elementor-widget-container\">\n\t\t\t\t\t<h4 class=\"elementor-heading-title elementor-size-default\">Czym jest That English Accent?<\/h4>\t\t\t\t<\/div>\n\t\t\t\t<\/div>\n\t\t\t\t<div class=\"elementor-element elementor-element-005aa44 elementor-widget__width-initial elementor-widget elementor-widget-text-editor\" data-id=\"005aa44\" data-element_type=\"widget\" data-e-type=\"widget\" data-widget_type=\"text-editor.default\">\n\t\t\t\t<div class=\"elementor-widget-container\">\n\t\t\t\t\t\t\t\t\t<p>TEA to miejsce, w kt\u00f3rym mo\u017cesz uczy\u0107 si\u0119 angielskiego online w przyjazny i skuteczny spos\u00f3b.<\/p>\n\t\t\t\t\t\t\t\t<\/div>\n\t\t\t\t<\/div>\n\t\t\t\t<\/div>\n\t\t\t\t\t<\/div>\n\t\t\t\t<\/div>\n\t\t<div class=\"elementor-element elementor-element-8d3091f e-flex e-con-boxed e-con e-parent\" data-id=\"8d3091f\" data-element_type=\"container\" data-e-type=\"container\" data-settings=\"{&quot;background_background&quot;:&quot;classic&quot;}\">\n\t\t\t\t\t<div class=\"e-con-inner\">\n\t\t<div class=\"elementor-element elementor-element-c12ed92 e-con-full e-flex e-con e-child\" data-id=\"c12ed92\" data-element_type=\"container\" data-e-type=\"container\">\n\t\t\t\t<div class=\"elementor-element elementor-element-5361129 elementor-widget elementor-widget-heading\" data-id=\"5361129\" data-element_type=\"widget\" data-e-type=\"widget\" data-widget_type=\"heading.default\">\n\t\t\t\t<div class=\"elementor-widget-container\">\n\t\t\t\t\t<h4 class=\"elementor-heading-title elementor-size-default\">Ucz si\u0119 naturalnie... jak dziecko!<\/h4>\t\t\t\t<\/div>\n\t\t\t\t<\/div>\n\t\t\t\t<div class=\"elementor-element elementor-element-ba3c665 elementor-widget elementor-widget-text-editor\" data-id=\"ba3c665\" data-element_type=\"widget\" data-e-type=\"widget\" data-widget_type=\"text-editor.default\">\n\t\t\t\t<div class=\"elementor-widget-container\">\n\t\t\t\t\t\t\t\t\t<p>Podczas opracowywania metody TEA szybko zda\u0142am sobie spraw\u0119, \u017ce podr\u0119czniki do nauki j\u0119zyka angielskiego zawieraj\u0105ce setki \u0107wicze\u0144 gramatycznych nie zdaj\u0105 egzaminu w \u017cyciu codziennym. Najwa\u017cniejsz\u0105 rzecz\u0105 w ka\u017cdym j\u0119zyku jest mo\u017cliwo\u015b\u0107 komunikowania si\u0119 i bycia zrozumianym. Aby to zrobi\u0107, musisz by\u0107 wystarczaj\u0105co pewny siebie, aby m\u00f3c m\u00f3wi\u0107 bez martwienia si\u0119 o czasy, imies\u0142owy i zasady. Zreszt\u0105, jaki jest sens posiadania doskona\u0142ej gramatyki, je\u015bli boisz si\u0119 jej u\u017cywa\u0107 w praktyce?<\/p>\n<p>Czy widzia\u0142e\u015b kiedy\u015b dziecko rozwi\u0105zuj\u0105ce \u0107wiczenia gramatyczne? Mam nadziej\u0119, \u017ce nie. Niemowl\u0119ta s\u0105 jednak w stanie opanowa\u0107 j\u0119zyk swoich rodzic\u00f3w do poziomu rodzimego. Jak? Poprzez s\u0142uchanie, czytanie i m\u00f3wienie!<\/p>\n\t\t\t\t\t\t\t\t<\/div>\n\t\t\t\t<\/div>\n\t\t\t\t<\/div>\n\t\t<div class=\"elementor-element elementor-element-d937f7d e-con-full e-flex e-con e-child\" data-id=\"d937f7d\" data-element_type=\"container\" data-e-type=\"container\" data-settings=\"{&quot;background_background&quot;:&quot;classic&quot;}\">\n\t\t\t\t<div class=\"elementor-element elementor-element-f3ade90 elementor-widget elementor-widget-image\" data-id=\"f3ade90\" data-element_type=\"widget\" data-e-type=\"widget\" data-widget_type=\"image.default\">\n\t\t\t\t<div class=\"elementor-widget-container\">\n\t\t\t\t\t\t\t\t\t\t\t\t\t\t\t<img fetchpriority=\"high\" decoding=\"async\" width=\"800\" height=\"800\" src=\"https:\/\/thatenglishaccent.com\/wp-content\/uploads\/2024\/03\/baby-photo.jpg\" class=\"attachment-large size-large wp-image-454\" alt=\"\" srcset=\"https:\/\/thatenglishaccent.com\/wp-content\/uploads\/2024\/03\/baby-photo.jpg 800w, https:\/\/thatenglishaccent.com\/wp-content\/uploads\/2024\/03\/baby-photo-300x300.jpg 300w, https:\/\/thatenglishaccent.com\/wp-content\/uploads\/2024\/03\/baby-photo-150x150.jpg 150w, https:\/\/thatenglishaccent.com\/wp-content\/uploads\/2024\/03\/baby-photo-768x768.jpg 768w\" sizes=\"(max-width: 800px) 100vw, 800px\" \/>\t\t\t\t\t\t\t\t\t\t\t\t\t\t\t<\/div>\n\t\t\t\t<\/div>\n\t\t\t\t<\/div>\n\t\t\t\t\t<\/div>\n\t\t\t\t<\/div>\n\t\t<div class=\"elementor-element elementor-element-1fe608e e-flex e-con-boxed e-con e-parent\" data-id=\"1fe608e\" data-element_type=\"container\" data-e-type=\"container\" data-settings=\"{&quot;background_background&quot;:&quot;classic&quot;}\">\n\t\t\t\t\t<div class=\"e-con-inner\">\n\t\t<div class=\"elementor-element elementor-element-baaccc8 e-flex e-con-boxed elementor-invisible e-con e-child\" data-id=\"baaccc8\" data-element_type=\"container\" data-e-type=\"container\" data-settings=\"{&quot;background_background&quot;:&quot;classic&quot;,&quot;animation&quot;:&quot;fadeIn&quot;}\">\n\t\t\t\t\t<div class=\"e-con-inner\">\n\t\t\t\t<div class=\"elementor-element elementor-element-b3165bd elementor-widget elementor-widget-heading\" data-id=\"b3165bd\" data-element_type=\"widget\" data-e-type=\"widget\" data-widget_type=\"heading.default\">\n\t\t\t\t<div class=\"elementor-widget-container\">\n\t\t\t\t\t<h3 class=\"elementor-heading-title elementor-size-default\">Wyj\u015bcie poza sal\u0119 lekcyjn\u0105...<\/h3>\t\t\t\t<\/div>\n\t\t\t\t<\/div>\n\t\t\t\t<div class=\"elementor-element elementor-element-c5f3503 elementor-widget-tablet__width-inherit elementor-widget elementor-widget-text-editor\" data-id=\"c5f3503\" data-element_type=\"widget\" data-e-type=\"widget\" data-widget_type=\"text-editor.default\">\n\t\t\t\t<div class=\"elementor-widget-container\">\n\t\t\t\t\t\t\t\t\t<div class=\"section__head\">\n<div class=\"intro\">\n<section class=\"moving-beyond-classroom\">\n<p>Aby\u015b poczu\u0142 si\u0119 cz\u0119\u015bci\u0105 szerszej spo\u0142eczno\u015bci, organizujemy regularne wydarzenia dla naszych uczni\u00f3w, daj\u0105c ludziom mo\u017cliwo\u015b\u0107 spotkania si\u0119 w prawdziwym \u017cyciu i \u0107wiczenia j\u0119zyka angielskiego w lu\u017anej atmosferze.<\/p>\n<\/section>\n<section class=\"section section--team\">\n<div class=\"container container--narrow\">\n<div class=\"team\">\n<div class=\"team__body\">\n<div class=\"row\"> <\/div>\n<\/div>\n<\/div>\n<\/div>\n<\/section>\n<\/div>\n<\/div>\n\t\t\t\t\t\t\t\t<\/div>\n\t\t\t\t<\/div>\n\t\t\t\t\t<\/div>\n\t\t\t\t<\/div>\n\t\t\t\t\t<\/div>\n\t\t\t\t<\/div>\n\t\t<div class=\"elementor-element elementor-element-df43eb4 e-flex e-con-boxed e-con e-parent\" data-id=\"df43eb4\" data-element_type=\"container\" data-e-type=\"container\" data-settings=\"{&quot;background_background&quot;:&quot;classic&quot;}\">\n\t\t\t\t\t<div class=\"e-con-inner\">\n\t\t\t\t<div class=\"elementor-element elementor-element-8226998 elementor-widget elementor-widget-html\" data-id=\"8226998\" data-element_type=\"widget\" data-e-type=\"widget\" data-widget_type=\"html.default\">\n\t\t\t\t<div class=\"elementor-widget-container\">\n\t\t\t\t\t<!-- LightWidget WIDGET --><script src=\"https:\/\/cdn.lightwidget.com\/widgets\/lightwidget.js\"><\/script><iframe src=\"https:\/\/cdn.lightwidget.com\/widgets\/99119d1b0e905eddb787d76b872905dc.html\" scrolling=\"no\" allowtransparency=\"true\" class=\"lightwidget-widget\" style=\"width:100%;border:0;overflow:hidden;\"><\/iframe>\t\t\t\t<\/div>\n\t\t\t\t<\/div>\n\t\t\t\t\t<\/div>\n\t\t\t\t<\/div>\n\t\t<div class=\"elementor-element elementor-element-5e9781b e-flex e-con-boxed e-con e-parent\" data-id=\"5e9781b\" data-element_type=\"container\" data-e-type=\"container\" data-settings=\"{&quot;background_background&quot;:&quot;classic&quot;}\">\n\t\t\t\t\t<div class=\"e-con-inner\">\n\t\t\t\t<div class=\"elementor-element elementor-element-62f8d87 elementor-widget elementor-widget-heading\" data-id=\"62f8d87\" data-element_type=\"widget\" data-e-type=\"widget\" data-widget_type=\"heading.default\">\n\t\t\t\t<div class=\"elementor-widget-container\">\n\t\t\t\t\t<h3 class=\"elementor-heading-title elementor-size-default\">Co m\u00f3wi\u0105 inni uczniowie?<\/h3>\t\t\t\t<\/div>\n\t\t\t\t<\/div>\n\t\t\t\t<div class=\"elementor-element elementor-element-9342775 elementor-testimonial--layout-image_above elementor-widget__width-initial elementor-testimonial--skin-default elementor-testimonial--align-center elementor-arrows-yes elementor-pagination-type-bullets elementor-widget elementor-widget-testimonial-carousel\" data-id=\"9342775\" data-element_type=\"widget\" data-e-type=\"widget\" data-settings=\"{&quot;slides_per_view&quot;:&quot;1&quot;,&quot;show_arrows&quot;:&quot;yes&quot;,&quot;pagination&quot;:&quot;bullets&quot;,&quot;speed&quot;:500,&quot;autoplay&quot;:&quot;yes&quot;,&quot;autoplay_speed&quot;:5000,&quot;loop&quot;:&quot;yes&quot;,&quot;pause_on_hover&quot;:&quot;yes&quot;,&quot;pause_on_interaction&quot;:&quot;yes&quot;,&quot;space_between&quot;:{&quot;unit&quot;:&quot;px&quot;,&quot;size&quot;:10,&quot;sizes&quot;:[]},&quot;space_between_tablet&quot;:{&quot;unit&quot;:&quot;px&quot;,&quot;size&quot;:10,&quot;sizes&quot;:[]},&quot;space_between_mobile&quot;:{&quot;unit&quot;:&quot;px&quot;,&quot;size&quot;:10,&quot;sizes&quot;:[]}}\" data-widget_type=\"testimonial-carousel.default\">\n\t\t\t\t<div class=\"elementor-widget-container\">\n\t\t\t\t\t\t\t\t\t<div class=\"elementor-swiper\">\n\t\t\t\t\t<div class=\"elementor-main-swiper swiper\" role=\"region\" aria-roledescription=\"carousel\" aria-label=\"Slajdy\">\n\t\t\t\t<div class=\"swiper-wrapper\">\n\t\t\t\t\t\t\t\t\t\t\t<div class=\"swiper-slide\" role=\"group\" aria-roledescription=\"slide\">\n\t\t\t\t\t\t\t\t\t<div class=\"elementor-testimonial\">\n\t\t\t\t\t\t\t<div class=\"elementor-testimonial__content\">\n\t\t\t\t\t<div class=\"elementor-testimonial__text\">\n\t\t\t\t\t\t<p>\"Lekcje opieraj\u0105 si\u0119 g\u0142\u00f3wnie na pokonywaniu bariery j\u0119zykowej i stresu zwi\u0105zanego z m\u00f3wieniem. To jest dok\u0142adnie to, czego moim zdaniem brakowa\u0142o w szko\u0142ach. Lekcje nie s\u0105 przeci\u0105gane, jest mn\u00f3stwo rzeczy do zrobienia, a ze wzgl\u0119du na brak zada\u0144 domowych uwa\u017cam, \u017ce jest to idealny wyb\u00f3r dla tych, kt\u00f3rzy maj\u0105 wiele obowi\u0105zk\u00f3w, ale chcieliby popracowa\u0107 nad swoimi umiej\u0119tno\u015bciami j\u0119zykowymi.\"<\/p>\n\t\t\t\t\t<\/div>\n\t\t\t\t\t<cite class=\"elementor-testimonial__cite\"><span class=\"elementor-testimonial__name\">Marlena<\/span><\/cite>\t\t\t\t<\/div>\n\t\t\t\t\t\t<div class=\"elementor-testimonial__footer\">\n\t\t\t\t\t\t\t\t\t<div class=\"elementor-testimonial__image\">\n\t\t\t\t\t\t<img decoding=\"async\" src=\"https:\/\/thatenglishaccent.com\/wp-content\/uploads\/2024\/03\/quote.svg\" alt=\"Marlena\">\n\t\t\t\t\t\t\t\t\t\t\t<\/div>\n\t\t\t\t\t\t\t\t\t\t\t<\/div>\n\t\t<\/div>\n\t\t\t\t\t\t\t\t<\/div>\n\t\t\t\t\t\t\t\t\t\t\t<div class=\"swiper-slide\" role=\"group\" aria-roledescription=\"slide\">\n\t\t\t\t\t\t\t\t\t<div class=\"elementor-testimonial\">\n\t\t\t\t\t\t\t<div class=\"elementor-testimonial__content\">\n\t\t\t\t\t<div class=\"elementor-testimonial__text\">\n\t\t\t\t\t\t<p>\"Moja nauczycielka ma naprawd\u0119 pozytywne podej\u015bcie do wszystkiego, zara\u017ca entuzjazmem do nauki j\u0119zyka. Proponuje naprawd\u0119 ciekawe artyku\u0142y, o kt\u00f3rych p\u00f3\u017aniej \u015bwietnie dyskutujemy. Naprawd\u0119 polecam!\"<\/p>\n\t\t\t\t\t<\/div>\n\t\t\t\t\t<cite class=\"elementor-testimonial__cite\"><span class=\"elementor-testimonial__name\">Krzysztof<\/span><\/cite>\t\t\t\t<\/div>\n\t\t\t\t\t\t<div class=\"elementor-testimonial__footer\">\n\t\t\t\t\t\t\t\t\t<div class=\"elementor-testimonial__image\">\n\t\t\t\t\t\t<img decoding=\"async\" src=\"https:\/\/thatenglishaccent.com\/wp-content\/uploads\/2024\/03\/quote.svg\" alt=\"Krzysztof\">\n\t\t\t\t\t\t\t\t\t\t\t<\/div>\n\t\t\t\t\t\t\t\t\t\t\t<\/div>\n\t\t<\/div>\n\t\t\t\t\t\t\t\t<\/div>\n\t\t\t\t\t\t\t\t\t\t\t<div class=\"swiper-slide\" role=\"group\" aria-roledescription=\"slide\">\n\t\t\t\t\t\t\t\t\t<div class=\"elementor-testimonial\">\n\t\t\t\t\t\t\t<div class=\"elementor-testimonial__content\">\n\t\t\t\t\t<div class=\"elementor-testimonial__text\">\n\t\t\t\t\t\t<p>\"Doceniam lekcje ze wzgl\u0119du na bezstresow\u0105, zrelaksowan\u0105 atmosfer\u0119. Lata edukacji sprawi\u0142y, \u017ce zacz\u0105\u0142am obawia\u0107 si\u0119 m\u00f3wienia, ale te lekcje daj\u0105 mi mo\u017cliwo\u015b\u0107 swobodnego m\u00f3wienia po angielsku, co moim zdaniem jest podstawow\u0105 umiej\u0119tno\u015bci\u0105 ka\u017cdej nauki j\u0119zyka\".<\/p>\n\t\t\t\t\t<\/div>\n\t\t\t\t\t<cite class=\"elementor-testimonial__cite\"><span class=\"elementor-testimonial__name\">Kinga<\/span><\/cite>\t\t\t\t<\/div>\n\t\t\t\t\t\t<div class=\"elementor-testimonial__footer\">\n\t\t\t\t\t\t\t\t\t<div class=\"elementor-testimonial__image\">\n\t\t\t\t\t\t<img decoding=\"async\" src=\"https:\/\/thatenglishaccent.com\/wp-content\/uploads\/2024\/03\/quote.svg\" alt=\"Kinga\">\n\t\t\t\t\t\t\t\t\t\t\t<\/div>\n\t\t\t\t\t\t\t\t\t\t\t<\/div>\n\t\t<\/div>\n\t\t\t\t\t\t\t\t<\/div>\n\t\t\t\t\t\t\t\t\t<\/div>\n\t\t\t\t\t\t\t\t\t\t\t\t\t\t\t<div class=\"elementor-swiper-button elementor-swiper-button-prev\" role=\"button\" tabindex=\"0\" aria-label=\"Poprzedni\">\n\t\t\t\t\t\t\t<svg aria-hidden=\"true\" class=\"e-font-icon-svg e-eicon-chevron-left\" viewBox=\"0 0 1000 1000\" xmlns=\"http:\/\/www.w3.org\/2000\/svg\"><path d=\"M646 125C629 125 613 133 604 142L308 442C296 454 292 471 292 487 292 504 296 521 308 533L604 854C617 867 629 875 646 875 663 875 679 871 692 858 704 846 713 829 713 812 713 796 708 779 692 767L438 487 692 225C700 217 708 204 708 187 708 171 704 154 692 142 675 129 663 125 646 125Z\"><\/path><\/svg>\t\t\t\t\t\t<\/div>\n\t\t\t\t\t\t<div class=\"elementor-swiper-button elementor-swiper-button-next\" role=\"button\" tabindex=\"0\" aria-label=\"Nast\u0119pny\">\n\t\t\t\t\t\t\t<svg aria-hidden=\"true\" class=\"e-font-icon-svg e-eicon-chevron-right\" viewBox=\"0 0 1000 1000\" xmlns=\"http:\/\/www.w3.org\/2000\/svg\"><path d=\"M696 533C708 521 713 504 713 487 713 471 708 454 696 446L400 146C388 133 375 125 354 125 338 125 325 129 313 142 300 154 292 171 292 187 292 204 296 221 308 233L563 492 304 771C292 783 288 800 288 817 288 833 296 850 308 863 321 871 338 875 354 875 371 875 388 867 400 854L696 533Z\"><\/path><\/svg>\t\t\t\t\t\t<\/div>\n\t\t\t\t\t\t\t\t\t\t\t\t\t\t\t\t<div class=\"swiper-pagination\"><\/div>\n\t\t\t\t\t\t\t\t\t\t\t\t<\/div>\n\t\t\t\t<\/div>\n\t\t\t\t\t\t\t\t<\/div>\n\t\t\t\t<\/div>\n\t\t\t\t\t<\/div>\n\t\t\t\t<\/div>\n\t\t\t\t<\/div>\n\t\t","protected":false},"excerpt":{"rendered":"<p>\u0141\u0105czymy przez rozmowy Przywr\u00f3\u0107rado\u015b\u0107do nauki j\u0119zyk\u00f3w! Czym jest That English Accent? TEA to miejsce, w kt\u00f3rym mo\u017cesz uczy\u0107 si\u0119 angielskiego online w przyjazny i skuteczny spos\u00f3b. Ucz si\u0119 naturalnie&#8230; jak dziecko! Podczas opracowywania metody TEA szybko zda\u0142am sobie spraw\u0119, \u017ce podr\u0119czniki do nauki j\u0119zyka angielskiego zawieraj\u0105ce setki \u0107wicze\u0144 gramatycznych nie zdaj\u0105 egzaminu w \u017cyciu codziennym. [&hellip;]<\/p>\n","protected":false},"author":1,"featured_media":0,"parent":0,"menu_order":0,"comment_status":"closed","ping_status":"closed","template":"","meta":{"_acf_changed":false,"inline_featured_image":false,"footnotes":""},"class_list":["post-1349","page","type-page","status-publish","hentry"],"acf":[],"_links":{"self":[{"href":"https:\/\/thatenglishaccent.com\/pl\/wp-json\/wp\/v2\/pages\/1349","targetHints":{"allow":["GET"]}}],"collection":[{"href":"https:\/\/thatenglishaccent.com\/pl\/wp-json\/wp\/v2\/pages"}],"about":[{"href":"https:\/\/thatenglishaccent.com\/pl\/wp-json\/wp\/v2\/types\/page"}],"author":[{"embeddable":true,"href":"https:\/\/thatenglishaccent.com\/pl\/wp-json\/wp\/v2\/users\/1"}],"replies":[{"embeddable":true,"href":"https:\/\/thatenglishaccent.com\/pl\/wp-json\/wp\/v2\/comments?post=1349"}],"version-history":[{"count":12,"href":"https:\/\/thatenglishaccent.com\/pl\/wp-json\/wp\/v2\/pages\/1349\/revisions"}],"predecessor-version":[{"id":3468,"href":"https:\/\/thatenglishaccent.com\/pl\/wp-json\/wp\/v2\/pages\/1349\/revisions\/3468"}],"wp:attachment":[{"href":"https:\/\/thatenglishaccent.com\/pl\/wp-json\/wp\/v2\/media?parent=1349"}],"curies":[{"name":"wp","href":"https:\/\/api.w.org\/{rel}","templated":true}]}}