{"id":3169,"date":"2024-03-05T11:55:06","date_gmt":"2024-03-05T11:55:06","guid":{"rendered":"https:\/\/teadev.thatenglishaccent.com\/polityka-prywatnosci\/"},"modified":"2024-06-12T13:49:49","modified_gmt":"2024-06-12T12:49:49","slug":"polityka-prywatnosci","status":"publish","type":"page","link":"https:\/\/thatenglishaccent.com\/pl\/polityka-prywatnosci\/","title":{"rendered":"Polityka prywatno\u015bci"},"content":{"rendered":"\t\t<div data-elementor-type=\"wp-page\" data-elementor-id=\"3169\" class=\"elementor elementor-3169 elementor-3\" data-elementor-post-type=\"page\">\n\t\t\t\t<div class=\"elementor-element elementor-element-4f4121aa e-flex e-con-boxed e-con e-parent\" data-id=\"4f4121aa\" data-element_type=\"container\" data-e-type=\"container\">\n\t\t\t\t\t<div class=\"e-con-inner\">\n\t\t\t\t<div class=\"elementor-element elementor-element-859feb4 elementor-widget elementor-widget-heading\" data-id=\"859feb4\" data-element_type=\"widget\" data-e-type=\"widget\" data-widget_type=\"heading.default\">\n\t\t\t\t<div class=\"elementor-widget-container\">\n\t\t\t\t\t<h3 class=\"elementor-heading-title elementor-size-default\">Polityka prywatno\u015bci<\/h3>\t\t\t\t<\/div>\n\t\t\t\t<\/div>\n\t\t\t\t<div class=\"elementor-element elementor-element-7d9b31e elementor-widget elementor-widget-text-editor\" data-id=\"7d9b31e\" data-element_type=\"widget\" data-e-type=\"widget\" data-widget_type=\"text-editor.default\">\n\t\t\t\t<div class=\"elementor-widget-container\">\n\t\t\t\t\t\t\t\t\t<p>Ochrona prywatnych informacji u\u017cytkownik\u00f3w jest naszym priorytetem. Niniejsze o\u015bwiadczenie o ochronie prywatno\u015bci dotyczy stron <a href=\"https:\/\/thatenglishaccent.com\/\">https:\/\/thatenglishaccent.com\/<\/a> i That English Accent i odnosi si\u0119 do gromadzenia i wykorzystywania danych. Dla cel\u00f3w niniejszej Polityki prywatno\u015bci, o ile nie zaznaczono inaczej, wszystkie odniesienia do That English Accent obejmuj\u0105 https:\/\/thatenglishaccent.com.<\/p>\n<h2>Kim jeste\u015bmy<\/h2>\n<p>That English Accent to internetowa platforma j\u0119zykowa do nauczania i uczenia si\u0119 j\u0119zyka angielskiego jako drugiego j\u0119zyka. Adres naszej strony internetowej to: <a href=\"https:\/\/thatenglishaccent.com\/\">https:\/\/thatenglishaccent.com\/<\/a>. Korzystaj\u0105c ze strony internetowej That English Accent, u\u017cytkownik wyra\u017ca zgod\u0119 na praktyki dotycz\u0105ce danych opisane w niniejszym o\u015bwiadczeniu.<\/p>\n<h2>Gromadzenie danych osobowych u\u017cytkownika<\/h2>\n<p>W celu lepszego dostarczania u\u017cytkownikowi produkt\u00f3w i us\u0142ug oferowanych w naszej Witrynie, That English Accent mo\u017ce gromadzi\u0107 dane osobowe, takie jak dane u\u017cytkownika:<\/p>\n<ul>\n<li>Imi\u0119 i nazwisko<\/li>\n<li>Adres do korespondencji<\/li>\n<li>Adres e-mail<\/li>\n<li>Numer telefonu<\/li>\n<\/ul>\n<p>W przypadku zakupu produkt\u00f3w i us\u0142ug That English Accent zbieramy informacje dotycz\u0105ce rozlicze\u0144 i kart kredytowych. Informacje te s\u0105 wykorzystywane do sfinalizowania transakcji zakupu.<\/p>\n<p>Nale\u017cy pami\u0119ta\u0107, \u017ce w przypadku bezpo\u015bredniego ujawnienia danych osobowych lub danych wra\u017cliwych za po\u015brednictwem publicznych for\u00f3w dyskusyjnych That English Accent, informacje te mog\u0105 by\u0107 gromadzone i wykorzystywane przez inne osoby.<\/p>\n<p>Nie gromadzimy \u017cadnych danych osobowych u\u017cytkownika, chyba \u017ce u\u017cytkownik dobrowolnie je nam przeka\u017ce. U\u017cytkownik mo\u017ce by\u0107 jednak zobowi\u0105zany do przekazania nam okre\u015blonych danych osobowych, gdy zdecyduje si\u0119 na korzystanie z okre\u015blonych produkt\u00f3w lub us\u0142ug dost\u0119pnych w Witrynie. Mog\u0105 one obejmowa\u0107: (a) rejestracja konta w naszej Witrynie; (b) udzia\u0142 w loterii lub konkursie sponsorowanym przez nas lub jednego z naszych partner\u00f3w; (c) rejestrowanie si\u0119 w celu otrzymywania ofert specjalnych od wybranych stron trzecich; (d) wys\u0142anie nam wiadomo\u015bci e-mail; (e) przesy\u0142anie danych karty kredytowej lub innych informacji dotycz\u0105cych p\u0142atno\u015bci podczas zamawiania i kupowania produkt\u00f3w i us\u0142ug w naszej Witrynie. Informacje te b\u0119d\u0105 wykorzystywane mi\u0119dzy innymi do komunikowania si\u0119 z u\u017cytkownikiem w zwi\u0105zku z us\u0142ugami i\/lub produktami, o kt\u00f3re u\u017cytkownik poprosi\u0142. W przysz\u0142o\u015bci mo\u017cemy r\u00f3wnie\u017c gromadzi\u0107 dodatkowe dane osobowe lub nieosobowe.<\/p>\n<h2>Wykorzystanie danych osobowych u\u017cytkownika<\/h2>\n<p>That English Accent gromadzi i wykorzystuje dane osobowe u\u017cytkownika w celu obs\u0142ugi swojej witryny internetowej i \u015bwiadczenia \u017c\u0105danych us\u0142ug.<\/p>\n<p>That English Accent mo\u017ce r\u00f3wnie\u017c wykorzystywa\u0107 dane osobowe u\u017cytkownika w celu informowania go o innych produktach lub us\u0142ugach oferowanych przez That English Accent i jej podmioty stowarzyszone.<\/p>\n<p>  Artyku\u0142y na tej stronie mog\u0105 zawiera\u0107 osadzone tre\u015bci (np. filmy, obrazy, artyku\u0142y itp.). Osadzone tre\u015bci z innych witryn zachowuj\u0105 si\u0119 dok\u0142adnie tak samo, jak gdyby u\u017cytkownik odwiedzi\u0142 inn\u0105 witryn\u0119.<\/p>\n<p>Witryny te mog\u0105 gromadzi\u0107 dane o u\u017cytkowniku, u\u017cywa\u0107 plik\u00f3w cookie, osadza\u0107 dodatkowe \u015bledzenie stron trzecich i monitorowa\u0107 interakcj\u0119 u\u017cytkownika z osadzon\u0105 zawarto\u015bci\u0105, w tym \u015bledzi\u0107 interakcj\u0119 u\u017cytkownika z osadzon\u0105 zawarto\u015bci\u0105, je\u015bli u\u017cytkownik ma konto i jest zalogowany w tej witrynie.<\/p>\n<h2>Udost\u0119pnianie informacji stronom trzecim<\/h2>\n<p>That English Accent nie sprzedaje, nie wynajmuje ani nie wydzier\u017cawia swoich list klient\u00f3w stronom trzecim.<\/p>\n<p>That English Accent mo\u017ce udost\u0119pnia\u0107 dane zaufanym partnerom w celu przeprowadzania analiz statystycznych, wysy\u0142ania wiadomo\u015bci e-mail lub poczty, zapewniania obs\u0142ugi klienta lub organizowania dostaw. Wszystkim takim stronom trzecim zabrania si\u0119 wykorzystywania danych osobowych u\u017cytkownika z wyj\u0105tkiem \u015bwiadczenia tych us\u0142ug na rzecz That English Accent i s\u0105 one zobowi\u0105zane do zachowania poufno\u015bci danych u\u017cytkownika.<\/p>\n<p>That English Accent mo\u017ce ujawni\u0107 dane osobowe u\u017cytkownika bez uprzedzenia, je\u015bli jest to wymagane przez prawo lub w dobrej wierze, \u017ce takie dzia\u0142anie jest konieczne do: (a) przestrzega\u0107 nakaz\u00f3w prawa lub post\u0119powa\u0107 zgodnie z procesem prawnym prowadzonym przez That English Accent lub witryn\u0119; (b) ochrony i obrony praw lub w\u0142asno\u015bci That English Accent; i\/lub (c) dzia\u0142ania w wyj\u0105tkowych okoliczno\u015bciach w celu ochrony bezpiecze\u0144stwa osobistego u\u017cytkownik\u00f3w That English Accent lub spo\u0142ecze\u0144stwa.<\/p>\n<h2>Informacje zbierane automatycznie<\/h2>\n<p>Informacje o sprz\u0119cie komputerowym i oprogramowaniu mog\u0105 by\u0107 automatycznie gromadzone przez That English Accent. Informacje te mog\u0105 obejmowa\u0107: adres IP u\u017cytkownika, typ przegl\u0105darki, nazwy domen, czasy dost\u0119pu i adresy stron odsy\u0142aj\u0105cych. Informacje te s\u0105 wykorzystywane do dzia\u0142ania us\u0142ugi, utrzymania jako\u015bci us\u0142ugi i zapewnienia og\u00f3lnych statystyk dotycz\u0105cych korzystania ze strony internetowej That English Accent.<\/p>\n<h2>Korzystanie z plik\u00f3w cookie<\/h2>\n<p>Witryna internetowa That English Accent mo\u017ce wykorzystywa\u0107 pliki &#8222;cookie&#8221;, aby u\u0142atwi\u0107 spersonalizowanie korzystania z niej. Plik cookie to plik tekstowy umieszczany na dysku twardym u\u017cytkownika przez serwer strony internetowej. Pliki cookie nie mog\u0105 by\u0107 wykorzystywane do uruchamiania program\u00f3w lub dostarczania wirus\u00f3w do komputera u\u017cytkownika. Pliki cookie s\u0105 jednoznacznie przypisane do u\u017cytkownika i mog\u0105 by\u0107 odczytywane wy\u0142\u0105cznie przez serwer WWW w domenie, kt\u00f3ra wystawi\u0142a u\u017cytkownikowi plik cookie.<\/p>\n<p>Jednym z g\u0142\u00f3wnych cel\u00f3w plik\u00f3w cookie jest zapewnienie wygody, aby zaoszcz\u0119dzi\u0107 czas u\u017cytkownika. Celem pliku cookie jest poinformowanie serwera WWW, \u017ce u\u017cytkownik powr\u00f3ci\u0142 na okre\u015blon\u0105 stron\u0119. Na przyk\u0142ad, je\u015bli zarejestrujesz si\u0119 w witrynie lub us\u0142ugach That English Accent, plik cookie pomo\u017ce That English Accent przywo\u0142a\u0107 okre\u015blone informacje podczas kolejnych wizyt. Upraszcza to proces rejestrowania danych osobowych, takich jak adresy rozliczeniowe, adresy wysy\u0142ki itp. Po powrocie na t\u0119 sam\u0105 stron\u0119 internetow\u0105 That English Accent mo\u017cna odzyska\u0107 wcze\u015bniej podane informacje, dzi\u0119ki czemu mo\u017cna \u0142atwo korzysta\u0107 z funkcji That English Accent, kt\u00f3re zosta\u0142y dostosowane.<\/p>\n<p>U\u017cytkownik ma mo\u017cliwo\u015b\u0107 zaakceptowania lub odrzucenia plik\u00f3w cookie. Wi\u0119kszo\u015b\u0107 przegl\u0105darek internetowych automatycznie akceptuje pliki cookie, ale zazwyczaj mo\u017cna zmieni\u0107 ustawienia przegl\u0105darki, aby odrzuci\u0107 pliki cookie, je\u015bli wolisz. Je\u015bli zdecydujesz si\u0119 odrzuci\u0107 pliki cookie, mo\u017cesz nie by\u0107 w stanie w pe\u0142ni korzysta\u0107 z interaktywnych funkcji us\u0142ug That English Accent lub odwiedzanych witryn internetowych.<\/p>\n<h2>Linki<\/h2>\n<p>Niniejsza witryna zawiera \u0142\u0105cza do innych witryn. Nale\u017cy pami\u0119ta\u0107, \u017ce nie ponosimy odpowiedzialno\u015bci za tre\u015bci lub praktyki w zakresie prywatno\u015bci stosowane na takich innych stronach. Zach\u0119camy naszych u\u017cytkownik\u00f3w, aby byli \u015bwiadomi, kiedy opuszczaj\u0105 nasz\u0105 witryn\u0119 i zapoznali si\u0119 z o\u015bwiadczeniami o ochronie prywatno\u015bci ka\u017cdej innej witryny, kt\u00f3ra gromadzi dane osobowe.<\/p>\n<h2>Bezpiecze\u0144stwo danych osobowych u\u017cytkownika<\/h2>\n<p>That English Accent zabezpiecza dane osobowe u\u017cytkownika przed nieautoryzowanym dost\u0119pem, wykorzystaniem lub ujawnieniem. That English Accent wykorzystuje w tym celu nast\u0119puj\u0105ce metody:<\/p>\n<ul>\n<li>Protok\u00f3\u0142 SSL<\/li>\n<li>SSL<\/li>\n<\/ul>\n<p>Gdy dane osobowe (takie jak numer karty kredytowej) s\u0105 przesy\u0142ane do innych witryn internetowych, s\u0105 one chronione za pomoc\u0105 szyfrowania, takiego jak protok\u00f3\u0142 Secure Sockets Layer (SSL).<\/p>\n<p>Staramy si\u0119 podejmowa\u0107 odpowiednie \u015brodki bezpiecze\u0144stwa w celu ochrony przed nieautoryzowanym dost\u0119pem do danych osobowych u\u017cytkownika lub ich zmian\u0105. Niestety, \u017cadna transmisja danych przez Internet lub jak\u0105kolwiek sie\u0107 bezprzewodow\u0105 nie mo\u017ce by\u0107 zagwarantowana jako w 100% bezpieczna. W zwi\u0105zku z tym, cho\u0107 staramy si\u0119 chroni\u0107 dane osobowe u\u017cytkownik\u00f3w, u\u017cytkownik przyjmuje do wiadomo\u015bci, \u017ce: (a) istniej\u0105 ograniczenia bezpiecze\u0144stwa i prywatno\u015bci zwi\u0105zane z Internetem, kt\u00f3re s\u0105 poza nasz\u0105 kontrol\u0105; oraz (b) nie mo\u017cna zagwarantowa\u0107 bezpiecze\u0144stwa, integralno\u015bci i prywatno\u015bci wszelkich informacji i danych wymienianych mi\u0119dzy u\u017cytkownikiem a nami za po\u015brednictwem niniejszej Witryny.<\/p>\n<p>Je\u015bli masz konto na tej stronie lub zostawi\u0142e\u015b komentarze, mo\u017cesz poprosi\u0107 o otrzymanie wyeksportowanego pliku danych osobowych, kt\u00f3re przechowujemy na Tw\u00f3j temat, w tym wszelkich danych, kt\u00f3re nam przekaza\u0142e\u015b. U\u017cytkownik mo\u017ce r\u00f3wnie\u017c za\u017c\u0105da\u0107 usuni\u0119cia wszelkich przechowywanych przez nas jego danych osobowych. Nie obejmuje to \u017cadnych danych, kt\u00f3re jeste\u015bmy zobowi\u0105zani przechowywa\u0107 do cel\u00f3w administracyjnych, prawnych lub bezpiecze\u0144stwa.<\/p>\n<h2>Dzieci poni\u017cej trzynastego roku \u017cycia<\/h2>\n<p>That English Accent nie gromadzi \u015bwiadomie danych osobowych dzieci poni\u017cej trzynastego roku \u017cycia. Je\u015bli u\u017cytkownik nie uko\u0144czy\u0142 trzynastego roku \u017cycia, musi poprosi\u0107 rodzica lub opiekuna o pozwolenie na korzystanie z tej witryny.<\/p>\n<h2>Od\u0142\u0105czanie konta That English Accent od stron internetowych os\u00f3b trzecich<\/h2>\n<p>B\u0119dziesz m\u00f3g\u0142 po\u0142\u0105czy\u0107 swoje konto That English Accent z kontami innych firm. \u0141\u0104CZ\u0104C SWOJE KONTO THAT ENGLISH ACCENT Z KONTEM OSOBY TRZECIEJ, U\u017bYTKOWNIK PRZYJMUJE DO WIADOMO\u015aCI I AKCEPTUJE, \u017bE WYRA\u017bA ZGOD\u0118 NA CI\u0104G\u0141E UJAWNIANIE INFORMACJI O SOBIE INNYM OSOBOM (ZGODNIE Z USTAWIENIAMI PRYWATNO\u015aCI U\u017bYTKOWNIKA W TYCH WITRYNACH OS\u00d3B TRZECICH). JE\u015aLI U\u017bYTKOWNIK NIE CHCE, ABY INFORMACJE O NIM, W TYM DANE OSOBOWE, BY\u0141Y UDOST\u0118PNIANE W TEN SPOS\u00d3B, NIE POWINIEN KORZYSTA\u0106 Z TEJ FUNKCJI. U\u017cytkownik mo\u017ce w dowolnym momencie od\u0142\u0105czy\u0107 swoje konto od konta strony trzeciej. U\u017cytkownicy mog\u0105 dowiedzie\u0107 si\u0119, jak od\u0142\u0105czy\u0107 swoje konta od stron internetowych os\u00f3b trzecich, odwiedzaj\u0105c stron\u0119 &#8222;Moje konto&#8221;. U\u017cytkownicy mog\u0105 r\u00f3wnie\u017c skontaktowa\u0107 si\u0119 z nami za po\u015brednictwem poczty elektronicznej lub telefonu.<\/p>\n<h2>Komunikacja e-mail<\/h2>\n<p>Od czasu do czasu That English Accent mo\u017ce kontaktowa\u0107 si\u0119 z u\u017cytkownikiem za po\u015brednictwem poczty elektronicznej w celu dostarczania og\u0142osze\u0144, ofert promocyjnych, alert\u00f3w, potwierdze\u0144, ankiet i\/lub innej komunikacji og\u00f3lnej.<\/p>\n<p>Je\u015bli u\u017cytkownik chce zrezygnowa\u0107 z otrzymywania wiadomo\u015bci marketingowych lub promocyjnych za po\u015brednictwem poczty elektronicznej od That English Accent, mo\u017ce zrezygnowa\u0107 z takiej komunikacji za po\u015brednictwem wiadomo\u015bci e-mail lub platformy, &#8222;odpowiadaj\u0105c STOP&#8221; lub &#8222;klikaj\u0105c przycisk UNSUBSCRIBE&#8221;. Za po\u015brednictwem wiadomo\u015bci e-mail mog\u0105 oni usun\u0105\u0107 swoje profile.<\/p>\n<h2>Zmiany w niniejszym O\u015bwiadczeniu<\/h2>\n<p>That English Accent zastrzega sobie prawo do okresowej zmiany niniejszej Polityki prywatno\u015bci. Powiadomimy u\u017cytkownika o istotnych zmianach w sposobie, w jaki traktujemy dane osobowe, wysy\u0142aj\u0105c powiadomienie na g\u0142\u00f3wny adres e-mail podany na koncie u\u017cytkownika, umieszczaj\u0105c wyra\u017ane powiadomienie w naszej witrynie i\/lub aktualizuj\u0105c wszelkie informacje o prywatno\u015bci na tej stronie. Dalsze korzystanie przez u\u017cytkownika z Witryny i\/lub Us\u0142ug dost\u0119pnych za jej po\u015brednictwem po wprowadzeniu takich modyfikacji b\u0119dzie stanowi\u0142o zgod\u0119 u\u017cytkownika: (a) potwierdzenie zapoznania si\u0119 ze zmienion\u0105 Polityk\u0105 prywatno\u015bci; oraz (b) zgod\u0119 na przestrzeganie i zwi\u0105zanie si\u0119 t\u0105 Polityk\u0105.<\/p>\n<h2>Informacje kontaktowe<\/h2>\n<p>That English Accent z zadowoleniem przyjmuje pytania i komentarze dotycz\u0105ce niniejszego O\u015bwiadczenia o ochronie prywatno\u015bci. Je\u015bli uwa\u017casz, \u017ce That English Accent nie przestrzega niniejszego O\u015bwiadczenia, skontaktuj si\u0119 z That English Accent pod adresem:<\/p>\n<p>ADRES<br \/>That English Accent Ltd<br \/>2 Waverley Street<br \/>The Groves<br \/>York<br \/>YO31 7QZ<\/p>\n<p>EMAIL<br \/><a href=\"mailto:admin@thatenglishaccent.com\"><strong>admin@thatenglishaccent.com<\/strong><\/a><\/p>\n\t\t\t\t\t\t\t\t<\/div>\n\t\t\t\t<\/div>\n\t\t\t\t\t<\/div>\n\t\t\t\t<\/div>\n\t\t\t\t<\/div>\n\t\t","protected":false},"excerpt":{"rendered":"<p>Polityka prywatno\u015bci Ochrona prywatnych informacji u\u017cytkownik\u00f3w jest naszym priorytetem. Niniejsze o\u015bwiadczenie o ochronie prywatno\u015bci dotyczy stron https:\/\/thatenglishaccent.com\/ i That English Accent i odnosi si\u0119 do gromadzenia i wykorzystywania danych. Dla cel\u00f3w niniejszej Polityki prywatno\u015bci, o ile nie zaznaczono inaczej, wszystkie odniesienia do That English Accent obejmuj\u0105 https:\/\/thatenglishaccent.com. Kim jeste\u015bmy That English Accent to internetowa platforma [&hellip;]<\/p>\n","protected":false},"author":1,"featured_media":0,"parent":0,"menu_order":0,"comment_status":"closed","ping_status":"closed","template":"","meta":{"_acf_changed":false,"inline_featured_image":false,"footnotes":""},"class_list":["post-3169","page","type-page","status-publish","hentry"],"acf":[],"_links":{"self":[{"href":"https:\/\/thatenglishaccent.com\/pl\/wp-json\/wp\/v2\/pages\/3169","targetHints":{"allow":["GET"]}}],"collection":[{"href":"https:\/\/thatenglishaccent.com\/pl\/wp-json\/wp\/v2\/pages"}],"about":[{"href":"https:\/\/thatenglishaccent.com\/pl\/wp-json\/wp\/v2\/types\/page"}],"author":[{"embeddable":true,"href":"https:\/\/thatenglishaccent.com\/pl\/wp-json\/wp\/v2\/users\/1"}],"replies":[{"embeddable":true,"href":"https:\/\/thatenglishaccent.com\/pl\/wp-json\/wp\/v2\/comments?post=3169"}],"version-history":[{"count":3,"href":"https:\/\/thatenglishaccent.com\/pl\/wp-json\/wp\/v2\/pages\/3169\/revisions"}],"predecessor-version":[{"id":3310,"href":"https:\/\/thatenglishaccent.com\/pl\/wp-json\/wp\/v2\/pages\/3169\/revisions\/3310"}],"wp:attachment":[{"href":"https:\/\/thatenglishaccent.com\/pl\/wp-json\/wp\/v2\/media?parent=3169"}],"curies":[{"name":"wp","href":"https:\/\/api.w.org\/{rel}","templated":true}]}}