{"id":3206,"date":"2024-04-17T14:38:49","date_gmt":"2024-04-17T13:38:49","guid":{"rendered":"https:\/\/teadev.thatenglishaccent.com\/regulamin\/"},"modified":"2024-06-12T13:51:33","modified_gmt":"2024-06-12T12:51:33","slug":"regulamin","status":"publish","type":"page","link":"https:\/\/thatenglishaccent.com\/pl\/regulamin\/","title":{"rendered":"Regulamin"},"content":{"rendered":"\t\t<div data-elementor-type=\"wp-page\" data-elementor-id=\"3206\" class=\"elementor elementor-3206 elementor-2876\" data-elementor-post-type=\"page\">\n\t\t\t\t<div class=\"elementor-element elementor-element-4f4121aa e-flex e-con-boxed e-con e-parent\" data-id=\"4f4121aa\" data-element_type=\"container\" data-e-type=\"container\">\n\t\t\t\t\t<div class=\"e-con-inner\">\n\t\t\t\t<div class=\"elementor-element elementor-element-859feb4 elementor-widget elementor-widget-heading\" data-id=\"859feb4\" data-element_type=\"widget\" data-e-type=\"widget\" data-widget_type=\"heading.default\">\n\t\t\t\t<div class=\"elementor-widget-container\">\n\t\t\t\t\t<h3 class=\"elementor-heading-title elementor-size-default\">Regulamin<\/h3>\t\t\t\t<\/div>\n\t\t\t\t<\/div>\n\t\t\t\t<div class=\"elementor-element elementor-element-7d9b31e elementor-widget elementor-widget-text-editor\" data-id=\"7d9b31e\" data-element_type=\"widget\" data-e-type=\"widget\" data-widget_type=\"text-editor.default\">\n\t\t\t\t<div class=\"elementor-widget-container\">\n\t\t\t\t\t\t\t\t\t<p>Witamy na stronie internetowej That English Accent (&#8222;Strona&#8221;), kt\u00f3rej w\u0142a\u015bcicielem i operatorem jest That English Accent Ltd (&#8222;That English Accent&#8221;, &#8222;my&#8221;, &#8222;nas&#8221; lub &#8222;nasz&#8221;). Uzyskuj\u0105c dost\u0119p do Witryny lub korzystaj\u0105c z niej, u\u017cytkownik wyra\u017ca zgod\u0119 na przestrzeganie poni\u017cszych Warunk\u00f3w, a tak\u017ce naszej Polityki prywatno\u015bci.<\/p>\n<h2>Konta u\u017cytkownik\u00f3w<\/h2>\n<p>U\u017cytkownik musi utworzy\u0107 konto w naszym serwisie, podaj\u0105c nazw\u0119 u\u017cytkownika, has\u0142o, imi\u0119, nazwisko, adres e-mail i inne wymagane dane osobowe. U\u017cytkownik mo\u017ce zamkn\u0105\u0107 swoje konto w dowolnym momencie.<\/p>\n<h2>P\u0142atno\u015bci i rozliczenia<\/h2>\n<p>Metody p\u0142atno\u015bci obejmuj\u0105 p\u0142atno\u015bci kart\u0105 kredytow\u0105 lub debetow\u0105. Mo\u017cesz zdecydowa\u0107 si\u0119 na jednorazow\u0105 p\u0142atno\u015b\u0107 za jedn\u0105 lekcj\u0119 lub subskrypcj\u0119 tygodniowych rozlicze\u0144 w oparciu o wybran\u0105 liczb\u0119 lekcji. Zwroty koszt\u00f3w s\u0105 dost\u0119pne w przypadku lekcji odwo\u0142anych na wi\u0119cej ni\u017c 24 godziny przed wyznaczonym czasem rozpocz\u0119cia lub z powodu problem\u00f3w z Internetem zak\u0142\u00f3caj\u0105cych lekcj\u0119 w mniej ni\u017c 80%. Nie ma mo\u017cliwo\u015bci zwrotu pieni\u0119dzy za lekcje odwo\u0142ane na mniej ni\u017c 24 godziny przed podan\u0105 godzin\u0105 rozpocz\u0119cia. Nowi u\u017cytkownicy mog\u0105 skorzysta\u0107 z bezp\u0142atnej lekcji pr\u00f3bnej.<\/p>\n<h2>W\u0142asno\u015b\u0107 intelektualna<\/h2>\n<p>That English Accent zastrzega sobie pe\u0142ne prawa do logo, strony internetowej, nazwy firmy, formatu lekcji i wszelkiej innej w\u0142asno\u015bci intelektualnej. Lekcje nie mog\u0105 by\u0107 powielane w \u017cadnej formie bez zgody w\u0142a\u015bciciela praw autorskich.<\/p>\n<h2>Polityka prywatno\u015bci<\/h2>\n<p>Gromadzimy dane umo\u017cliwiaj\u0105ce identyfikacj\u0119 u\u017cytkownika, takie jak imi\u0119 i nazwisko, adres pocztowy, adres e-mail i numer telefonu, aby dostarcza\u0107 mu nasze produkty i us\u0142ugi. Nie sprzedajemy, nie wypo\u017cyczamy ani nie dzier\u017cawimy list klient\u00f3w stronom trzecim. Wi\u0119cej informacji mo\u017cna znale\u017a\u0107 w naszej Polityce prywatno\u015bci.<\/p>\n<h2>Post\u0119powanie u\u017cytkownika<\/h2>\n<p>U\u017cytkownicy musz\u0105 wyrazi\u0107 zgod\u0119 na nast\u0119puj\u0105ce post\u0119powanie:<\/p>\n<ol>\n<li>Poszanowanie praw i prywatno\u015bci innych os\u00f3b.<\/li>\n<li>Powstrzymywanie si\u0119 od publikowania lub udost\u0119pniania tre\u015bci niezgodnych z prawem, znies\u0142awiaj\u0105cych lub naruszaj\u0105cych prawa w\u0142asno\u015bci intelektualnej.<\/li>\n<li>Przestrzega\u0107 wytycznych spo\u0142eczno\u015bci i powstrzymywa\u0107 si\u0119 od anga\u017cowania si\u0119 w jakiekolwiek dzia\u0142ania, kt\u00f3re mog\u0105 zak\u0142\u00f3ci\u0107 \u015brodowisko nauki lub wyrz\u0105dzi\u0107 krzywd\u0119 innym.<\/li>\n<li>Korzysta\u0107 z us\u0142ug i zasob\u00f3w witryny w spos\u00f3b odpowiedzialny i zgodnie z ich przeznaczeniem.<\/li>\n<\/ol>\n<h2>Udost\u0119pnianie informacji stronom trzecim<\/h2>\n<p>Mo\u017cemy udost\u0119pnia\u0107 dane zaufanym partnerom w celu przeprowadzania analiz statystycznych, wysy\u0142ania wiadomo\u015bci, zapewniania obs\u0142ugi klienta lub organizowania dostaw. Mo\u017cemy ujawni\u0107 dane osobowe u\u017cytkownika, je\u015bli jest to wymagane przez prawo lub w celu ochrony naszych praw.<\/p>\n<h2>Informacje zbierane automatycznie<\/h2>\n<p>Gromadzimy informacje o sprz\u0119cie komputerowym i oprogramowaniu u\u017cytkownika w celu zapewnienia dzia\u0142ania us\u0142ugi oraz dostarczania og\u00f3lnych statystyk dotycz\u0105cych korzystania z naszej witryny internetowej.<\/p>\n<h2>Korzystanie z plik\u00f3w cookie<\/h2>\n<p>Nasza witryna internetowa mo\u017ce wykorzystywa\u0107 pliki cookie w celu personalizacji korzystania z niej. U\u017cytkownik ma mo\u017cliwo\u015b\u0107 zaakceptowania lub odrzucenia plik\u00f3w cookie.<\/p>\n<h2>Linki<\/h2>\n<p>Nasza witryna zawiera \u0142\u0105cza do innych witryn. Nie ponosimy odpowiedzialno\u015bci za tre\u015bci lub praktyki dotycz\u0105ce prywatno\u015bci stosowane na takich innych stronach.<\/p>\n<h2>Bezpiecze\u0144stwo danych osobowych u\u017cytkownika<\/h2>\n<p>U\u017cywamy protoko\u0142u SSL i SSL do zabezpieczenia danych osobowych u\u017cytkownika. Jednak \u017cadna transmisja danych przez Internet nie mo\u017ce by\u0107 zagwarantowana jako w 100% bezpieczna.<\/p>\n<h2>Rozstrzyganie spor\u00f3w<\/h2>\n<p>W przypadku jakichkolwiek spor\u00f3w prosimy o kontakt pod adresem admin@thatenglishaccent.com w celu ich rozwi\u0105zania. Je\u015bli nie uda si\u0119 rozwi\u0105za\u0107 problemu, mog\u0105 zosta\u0107 podj\u0119te kroki prawne.<\/p>\n<h2>Ograniczenie odpowiedzialno\u015bci<\/h2>\n<p>That English Accent nie ponosi odpowiedzialno\u015bci za jakiekolwiek bezpo\u015brednie, po\u015brednie, przypadkowe, wynikowe lub karne szkody wynikaj\u0105ce z lub w zwi\u0105zku z korzystaniem lub niemo\u017cno\u015bci\u0105 korzystania ze strony internetowej lub jej us\u0142ug. Obejmuje to mi\u0119dzy innymi szkody z tytu\u0142u utraty zysk\u00f3w, danych lub innych strat niematerialnych, nawet je\u015bli firma That English Accent zosta\u0142a poinformowana o mo\u017cliwo\u015bci wyst\u0105pienia takich szk\u00f3d. W \u017cadnym wypadku ca\u0142kowita odpowiedzialno\u015b\u0107 That English Accent wobec u\u017cytkownika za wszelkie szkody nie przekroczy kwoty zap\u0142aconej przez u\u017cytkownika za dost\u0119p do witryny lub korzystanie z niej w ci\u0105gu ostatnich sze\u015bciu miesi\u0119cy.<\/p>\n<h2>Prawo w\u0142a\u015bciwe<\/h2>\n<p>Niniejsze Warunki podlegaj\u0105 i b\u0119d\u0105 interpretowane zgodnie z prawem Anglii i Walii, bez wzgl\u0119du na normy kolizyjne. Wszelkie dzia\u0142ania prawne lub post\u0119powania wynikaj\u0105ce z niniejszych Warunk\u00f3w lub z nimi zwi\u0105zane b\u0119d\u0105 wnoszone wy\u0142\u0105cznie do s\u0105d\u00f3w Anglii i Walii.<\/p>\n<h2>Aktualizacje i modyfikacje<\/h2>\n<p>That English Accent zastrzega sobie prawo do aktualizacji lub modyfikacji niniejszych Warunk\u00f3w w dowolnym momencie bez wcze\u015bniejszego powiadomienia. Wszelkie zmiany wejd\u0105 w \u017cycie natychmiast po ich opublikowaniu na stronie internetowej. Obowi\u0105zkiem u\u017cytkownika jest okresowe sprawdzanie niniejszych Warunk\u00f3w pod k\u0105tem zmian. Dalsze korzystanie z witryny po wprowadzeniu takich zmian oznacza akceptacj\u0119 nowych Warunk\u00f3w.<\/p>\n<h2>Informacje kontaktowe<\/h2>\n<p><strong>ADRES<\/strong><br \/>That English Accent Ltd<br \/>2 Waverley Street<br \/>The Groves<br \/>York<br \/>YO31 7QZ<\/p>\n<p><strong>EMAIL<\/strong><br \/><a href=\"mailto:admin@thatenglishaccent.com\"><strong>admin@thatenglishaccent.com<\/strong><\/a><\/p>\n\t\t\t\t\t\t\t\t<\/div>\n\t\t\t\t<\/div>\n\t\t\t\t\t<\/div>\n\t\t\t\t<\/div>\n\t\t\t\t<\/div>\n\t\t","protected":false},"excerpt":{"rendered":"<p>Regulamin Witamy na stronie internetowej That English Accent (&#8222;Strona&#8221;), kt\u00f3rej w\u0142a\u015bcicielem i operatorem jest That English Accent Ltd (&#8222;That English Accent&#8221;, &#8222;my&#8221;, &#8222;nas&#8221; lub &#8222;nasz&#8221;). Uzyskuj\u0105c dost\u0119p do Witryny lub korzystaj\u0105c z niej, u\u017cytkownik wyra\u017ca zgod\u0119 na przestrzeganie poni\u017cszych Warunk\u00f3w, a tak\u017ce naszej Polityki prywatno\u015bci. Konta u\u017cytkownik\u00f3w U\u017cytkownik musi utworzy\u0107 konto w naszym serwisie, podaj\u0105c [&hellip;]<\/p>\n","protected":false},"author":1,"featured_media":0,"parent":0,"menu_order":0,"comment_status":"closed","ping_status":"closed","template":"","meta":{"_acf_changed":false,"inline_featured_image":false,"footnotes":""},"class_list":["post-3206","page","type-page","status-publish","hentry"],"acf":[],"_links":{"self":[{"href":"https:\/\/thatenglishaccent.com\/pl\/wp-json\/wp\/v2\/pages\/3206","targetHints":{"allow":["GET"]}}],"collection":[{"href":"https:\/\/thatenglishaccent.com\/pl\/wp-json\/wp\/v2\/pages"}],"about":[{"href":"https:\/\/thatenglishaccent.com\/pl\/wp-json\/wp\/v2\/types\/page"}],"author":[{"embeddable":true,"href":"https:\/\/thatenglishaccent.com\/pl\/wp-json\/wp\/v2\/users\/1"}],"replies":[{"embeddable":true,"href":"https:\/\/thatenglishaccent.com\/pl\/wp-json\/wp\/v2\/comments?post=3206"}],"version-history":[{"count":3,"href":"https:\/\/thatenglishaccent.com\/pl\/wp-json\/wp\/v2\/pages\/3206\/revisions"}],"predecessor-version":[{"id":3316,"href":"https:\/\/thatenglishaccent.com\/pl\/wp-json\/wp\/v2\/pages\/3206\/revisions\/3316"}],"wp:attachment":[{"href":"https:\/\/thatenglishaccent.com\/pl\/wp-json\/wp\/v2\/media?parent=3206"}],"curies":[{"name":"wp","href":"https:\/\/api.w.org\/{rel}","templated":true}]}}