{"id":3215,"date":"2024-04-05T15:32:31","date_gmt":"2024-04-05T14:32:31","guid":{"rendered":"https:\/\/teadev.thatenglishaccent.com\/jednorazowa-platnosc-za-lekcje\/"},"modified":"2025-08-25T15:32:14","modified_gmt":"2025-08-25T14:32:14","slug":"jednorazowa-platnosc-za-lekcje","status":"publish","type":"page","link":"https:\/\/thatenglishaccent.com\/pl\/jednorazowa-platnosc-za-lekcje\/","title":{"rendered":"P\u0142atno\u015b\u0107 za lekcj\u0119"},"content":{"rendered":"\t\t<div data-elementor-type=\"wp-page\" data-elementor-id=\"3215\" class=\"elementor elementor-3215 elementor-2258\" data-elementor-post-type=\"page\">\n\t\t\t\t<div class=\"elementor-element elementor-element-653eb1ee e-flex e-con-boxed e-con e-parent\" data-id=\"653eb1ee\" data-element_type=\"container\" data-e-type=\"container\">\n\t\t\t\t\t<div class=\"e-con-inner\">\n\t\t\t\t<div class=\"elementor-element elementor-element-e4df0e7 elementor-widget elementor-widget-heading\" data-id=\"e4df0e7\" data-element_type=\"widget\" data-e-type=\"widget\" data-widget_type=\"heading.default\">\n\t\t\t\t<div class=\"elementor-widget-container\">\n\t\t\t\t\t<h4 class=\"elementor-heading-title elementor-size-default\">Zap\u0142a\u0107 za lekcje<\/h4>\t\t\t\t<\/div>\n\t\t\t\t<\/div>\n\t\t\t\t<div class=\"elementor-element elementor-element-b2438b8 elementor-widget elementor-widget-text-editor\" data-id=\"b2438b8\" data-element_type=\"widget\" data-e-type=\"widget\" data-widget_type=\"text-editor.default\">\n\t\t\t\t<div class=\"elementor-widget-container\">\n\t\t\t\t\t\t\t\t\t<p>Tutaj mo\u017cesz zap\u0142aci\u0107 za dowoln\u0105 liczb\u0119 lekcji.<br><strong>Wprowad\u017a prawid\u0142ow\u0105 kwot\u0119 dla Twojego nauczyciela \/ liczb\u0119 lekcji.<\/strong><\/p><p>Je\u015bli masz jakiekolwiek problemy, prosimy o kontakt pod adresem <a title=\"mailto:admin@thatenglishaccent.com\" contenteditable=\"false\" href=\"mailto:admin@thatenglishaccent.com\">admin@thatenglishaccent.com<\/a>.<\/p>\t\t\t\t\t\t\t\t<\/div>\n\t\t\t\t<\/div>\n\t\t\t\t<div class=\"elementor-element elementor-element-2c496da elementor-widget elementor-widget-shortcode\" data-id=\"2c496da\" data-element_type=\"widget\" data-e-type=\"widget\" data-widget_type=\"shortcode.default\">\n\t\t\t\t<div class=\"elementor-widget-container\">\n\t\t\t\t\t\t\t<div class=\"elementor-shortcode\"><div id=\"simpay-embedded-form-wrap-3051\" data-id=\"simpay-form-3051-wrap\" class=\"simpay-form-wrap simpay-embedded-form-wrap\"><div class=\"simpay-embedded-heading simpay-styled\"><h3 class=\"simpay-form-title\">One-off Lesson<\/h3><\/div><form action=\"\" method=\"post\" class=\"simpay-checkout-form simpay-form-3051 simpay-checkout-form--embedded\" id=\"simpay-form-3051\" data-simpay-form-id=\"3051\" >\n\t\t<div class=\"simpay-form-control simpay-name-container simpay-customer-name-container\">\n\t\t\t\n\t\t<div class=\"simpay-customer_name-label simpay-label-wrap\">\n\t\t\t<label for=\"simpay-form-3051-field-5\" class=\"\">\n\t\t\t\tName \/ Imi\u0119 \/ Nome\t\t\t\t\t\t\t<\/label>\n\t\t<\/div>\n\n\t\t\t\t\t<div class=\"simpay-customer-name-wrap simpay-field-wrap\">\n\t\t\t\t<input\n\t\t\t\t\ttype=\"text\"\n\t\t\t\t\tname=\"simpay_customer_name\"\n\t\t\t\t\tid=\"simpay-form-3051-field-5\"\n\t\t\t\t\tclass=\"simpay-customer-name\"\n\t\t\t\t\tvalue=\"\"\n\t\t\t\t\tplaceholder=\"Your name \/ Twoje imi\u0119 \/ Il tuo nome\"\n\t\t\t\t\t\t\t\t\t\t\trequired\n\t\t\t\t\t\t\t\t\t\/>\n\t\t\t<\/div>\n\t\t<\/div>\n\n\t\t\n\t\t<div class=\"simpay-form-control simpay-dropdown-container\">\n\t\t\t<div class=\"simpay-dropdown-label simpay-label-wrap\">\n\t\t\t\t\n\t\t<div class=\"simpay-dropdown-label simpay-label-wrap\">\n\t\t\t<label for=\"simpay-form-3051-field-7\" class=\"\">\n\t\t\t\tYour Teacher \/ Imi\u0119 nauczyciela \/ Il tuo insegnante\t\t\t\t\t\t\t<\/label>\n\t\t<\/div>\n\n\t\t\t\t\t\t<div class=\"simpay-dropdown-wrap simpay-field-wrap\">\n\t\t\t\t\t<select name=\"simpay_field[simpay-form-3051-field-7]\" id=\"simpay-form-3051-field-7\" required><option value=\"Please Select \/ Wybierz \/ Seleziona:\"  selected='selected' >Please Select \/ Wybierz \/ Seleziona:<\/option><option value=\"Julia Sambor\"  >Julia Sambor<\/option><option value=\"Zuzanna Moczarny\"  >Zuzanna Moczarny<\/option><option value=\"Emilia St\u0119pie\u0144\"  >Emilia St\u0119pie\u0144<\/option><option value=\"Frida Saracchi\"  >Frida Saracchi<\/option><option value=\"Kasia Postlethwaite\"  >Kasia Postlethwaite<\/option><\/select>\t\t\t\t<\/div>\n\t\t\t<\/div>\n\t\t<\/div>\n\n\t\t\n\t\t\t\t\t<div class=\"simpay-form-control simpay-email-container\">\n\t\t\t\t\n\t\t<div class=\"simpay-email-label simpay-label-wrap\">\n\t\t\t<label for=\"simpay-form-3051-field-1\" class=\"\">\n\t\t\t\tEmail Address\t\t\t\t\t\t\t<\/label>\n\t\t<\/div>\n\n\t\t\t\t\t\t<div class=\"simpay-email-wrap simpay-field-wrap\">\n\t\t\t\t\t<input\n\t\t\t\t\t\ttype=\"email\"\n\t\t\t\t\t\tname=\"simpay_email\"\n\t\t\t\t\t\tid=\"simpay-form-3051-field-1\"\n\t\t\t\t\t\tclass=\"simpay-email\"\n\t\t\t\t\t\tvalue=\"\"\n\t\t\t\t\t\tplaceholder=\"\"\n\t\t\t\t\t\trequired\n\t\t\t\t\t\/>\n\t\t\t\t<\/div>\n\t\t\t<\/div>\n\t\t\n\t\t\n\t\t\n\t\t<div\n\t\t\tclass=\"\n\t\t\t\t\t\t\tsimpay-form-control\n\t\t\t\t\t\t\tsimpay-custom-amount-container\"\n\t\t\t\t\t>\n\t\t\t\n\t\t<div class=\"simpay-custom_amount-label simpay-label-wrap\">\n\t\t\t<label for=\"simpay-form-3051-field-6\" class=\"\">\n\t\t\t\tAmount \/ Kwota \/ L'importo\t\t\t\t\t\t\t<\/label>\n\t\t<\/div>\n\n\t\t\t\t\t<div class=\"simpay-custom-amount-wrap simpay-field-wrap\">\n\t\t\t\t<span class=\"simpay-currency-symbol simpay-currency-symbol-left\">&euro;<\/span>\t\t\t\t<input\n\t\t\t\t\ttype=\"tel\"\n\t\t\t\t\tname=\"simpay_custom_price_amount\"\n\t\t\t\t\tid=\"simpay-form-3051-field-6\"\n\t\t\t\t\t\t\t\t\t\tplaceholder=\"\"\n\t\t\t\t\tclass=\"simpay-amount-input simpay-custom-amount-input simpay-custom-amount-input-symbol-left\"\n\t\t\t\t\tdata-prefill-default=\"\"\n\t\t\t\t\tdata-placeholder=\"\"\n\t\t\t\t\t\t\t\t\t\/>\n\t\t\t\t\t\t\t<\/div>\n\t\t\t\t\t\t<div\n\t\t\t\tclass=\"simpay-errors simpay-custom-amount-error\"\n\t\t\t\taria-live=\"assertive\"\n\t\t\t\taria-relevant=\"additions text\"\n\t\t\t\taria-atomic=\"true\"\n\t\t\t><\/div>\n\t\t\t\t\t<\/div>\n\n\t\t\t\t\t<div class=\"simpay-errors simpay-custom-amount-error\" aria-live=\"assertive\" aria-relevant=\"additions text\" aria-atomic=\"true\"><\/div>\n\t\t\n\t\t\n\t\t<fieldset\n\t\t\tclass=\"simpay-form-control simpay-plan-select-container\"\n\t\t\tdata-display-type=\"radio\"\n\t\t\tstyle=\"display: none\"\n\t\t>\n\t\t\t<div class=\"simpay-plan_select-label simpay-label-wrap\">\n\t\t\t\t<legend class=\"screen-reader-text\">\n\t\t\t\t\tplan_select\t\t\t\t<\/legend>\n\t\t\t<\/div>\n\n\t\t\t<div class=\"simpay-plan-wrapper simpay-field-wrap simpay-dropdown-wrap\">\n\t\t\t\t<ul class=\"simpay-multi-plan-radio-group\">\n\t\t\t\t\t\t\t\t\t<li class=\"simpay-price-selection-label\">\n\t\t\t\t\t\t\t\t\t\t\t\t\t<label for=\"simpay_1cd81693-1bfe-4388-9d3a-8ebc170136d6-instance-249\">\n\t\t\t\t\t\t\t<input\n\t\t\t\t\t\t\t\ttype=\"radio\"\n\t\t\t\t\t\t\t\t\n\t\t\tid=\"simpay_1cd81693-1bfe-4388-9d3a-8ebc170136d6-instance-249\"\n\t\t\tclass=\"simpay-multi-sub simpay-price-option-simpay_1cd81693-1bfe-4388-9d3a-8ebc170136d6\"\n\t\t\tdata-price='{\"instance_id\":\"b54e37e1-0142-4c16-b30b-9e9cd8b92b42\",\"product_id\":\"prod_Q1LhUBPz8Da4CL\",\"id\":\"simpay_1cd81693-1bfe-4388-9d3a-8ebc170136d6\",\"default\":true,\"required\":false,\"label\":null,\"currency\":\"eur\",\"currency_symbol\":\"&euro;\",\"is_zero_decimal\":false,\"unit_amount\":100,\"unit_amount_min\":\"1000\",\"unit_amount_max\":null,\"can_recur\":false,\"can_recur_selected_by_default\":false,\"recurring\":null,\"line_items\":null,\"quantity_toggle\":null,\"quantity_label\":null,\"quantity_minimum\":null,\"quantity_maximum\":null,\"recurring_amount_toggle_label\":null,\"__unstable_unsaved\":null,\"generated_label\":\"starting at &euro;10.00\",\"simplified_label\":\"&euro;10.00\",\"currency_min_amount\":100}'\n\t\t\tname=\"simpay_price\"\n\t\t\t checked='checked'\n\t\t\t\n\t\t\t\n\t\t\tvalue=\"simpay_1cd81693-1bfe-4388-9d3a-8ebc170136d6\"\n\t\t\tdata-plan-id=\"simpay_1cd81693-1bfe-4388-9d3a-8ebc170136d6\"\n\t\t\tdata-plan-amount=\"1\"\n\t\t\t\n\t\t\t\t\t\t\t\t\t\t\/>\n\t\t\t\t\t\t\tstarting at &euro;10.00\t\t\t\t\t\t<\/label>\n\t\t\t\t\t\t\t\t\t\t\t<\/li>\n\t\t\t\t\t\t\t\t<\/ul>\n\t\t\t<\/div>\n\t\t<\/fieldset>\n\n\t\t\n        <div class=\"simpay-form-control simpay-form-control--card simpay-card-container\"\n             data-payment-method-display-type=\"tabs\"\n             data-visible-accordion-items=\"5\"\n             data-default-collapsed=\"false\">\n                        \n\t\t<div\n\t\t\tid=\"simpay-upe-element-simpay-form-3051-field-3\"\n\t\t\tclass=\"simpay-upe-wrap simpay-field-wrap\"\n\t\t>\n\t\t<\/div>\n\n\t\t\t        <\/div>\n\n\n\t\t<div class=\"simpay-payment-method-error simpay-errors\" aria-live=\"assertive\" aria-relevant=\"additions text\" aria-atomic=\"true\"><\/div>\n\n\t\t\n\t\t<div\n\t\t\tclass=\"simpay-form-control simpay-checkout-btn-container\"\n\t\t>\n\t\t\t<button\n\t\t\t\tid=\"simpay-form-3051-field-4\"\n\t\t\t\tclass=\"simpay-btn simpay-checkout-btn\"\n\t\t\t\ttype=\"submit\"\n\t\t\t\tdisabled\n\t\t\t>\n\t\t\t\t<span>\n\t\t\t\t\tPlease wait...\t\t\t\t<\/span>\n\t\t\t<\/button>\n\t\t<\/div>\n\t\t<div class=\"simpay-generic-error simpay-errors\" id=\"simpay-form-3051-error\" aria-live=\"assertive\" aria-relevant=\"additions text\" aria-atomic=\"true\"><\/div><input type=\"hidden\" name=\"simpay_form_id\" value=\"3051\" \/><input type=\"hidden\" name=\"simpay_amount\" value=\"\" class=\"simpay-amount\" \/><input type=\"hidden\" name=\"simpay_tax_amount\" value=\"\" class=\"simpay-tax-amount\" \/><input type=\"hidden\" id=\"_wpnonce\" name=\"_wpnonce\" value=\"50e3181899\" \/><input type=\"hidden\" name=\"_wp_http_referer\" value=\"\/pl\/wp-json\/wp\/v2\/pages\/3215\" \/><\/form><\/div><\/div>\n\t\t\t\t\t\t<\/div>\n\t\t\t\t<\/div>\n\t\t\t\t\t<\/div>\n\t\t\t\t<\/div>\n\t\t\t\t<\/div>\n\t\t","protected":false},"excerpt":{"rendered":"<p>Zap\u0142a\u0107 za lekcje Tutaj mo\u017cesz zap\u0142aci\u0107 za dowoln\u0105 liczb\u0119 lekcji.Wprowad\u017a prawid\u0142ow\u0105 kwot\u0119 dla Twojego nauczyciela \/ liczb\u0119 lekcji. Je\u015bli masz jakiekolwiek problemy, prosimy o kontakt pod adresem admin@thatenglishaccent.com.<\/p>\n","protected":false},"author":1,"featured_media":0,"parent":0,"menu_order":0,"comment_status":"closed","ping_status":"closed","template":"","meta":{"_acf_changed":false,"inline_featured_image":false,"footnotes":""},"class_list":["post-3215","page","type-page","status-publish","hentry"],"acf":[],"_links":{"self":[{"href":"https:\/\/thatenglishaccent.com\/pl\/wp-json\/wp\/v2\/pages\/3215","targetHints":{"allow":["GET"]}}],"collection":[{"href":"https:\/\/thatenglishaccent.com\/pl\/wp-json\/wp\/v2\/pages"}],"about":[{"href":"https:\/\/thatenglishaccent.com\/pl\/wp-json\/wp\/v2\/types\/page"}],"author":[{"embeddable":true,"href":"https:\/\/thatenglishaccent.com\/pl\/wp-json\/wp\/v2\/users\/1"}],"replies":[{"embeddable":true,"href":"https:\/\/thatenglishaccent.com\/pl\/wp-json\/wp\/v2\/comments?post=3215"}],"version-history":[{"count":6,"href":"https:\/\/thatenglishaccent.com\/pl\/wp-json\/wp\/v2\/pages\/3215\/revisions"}],"predecessor-version":[{"id":3723,"href":"https:\/\/thatenglishaccent.com\/pl\/wp-json\/wp\/v2\/pages\/3215\/revisions\/3723"}],"wp:attachment":[{"href":"https:\/\/thatenglishaccent.com\/pl\/wp-json\/wp\/v2\/media?parent=3215"}],"curies":[{"name":"wp","href":"https:\/\/api.w.org\/{rel}","templated":true}]}}