{"id":3218,"date":"2024-04-06T15:25:09","date_gmt":"2024-04-06T14:25:09","guid":{"rendered":"https:\/\/teadev.thatenglishaccent.com\/bezplatna-lekcja-probna\/"},"modified":"2025-01-14T23:42:20","modified_gmt":"2025-01-14T23:42:20","slug":"bezplatna-lekcja-probna","status":"publish","type":"page","link":"https:\/\/thatenglishaccent.com\/pl\/bezplatna-lekcja-probna\/","title":{"rendered":"Bezp\u0142atna lekcja pr\u00f3bna"},"content":{"rendered":"\t\t<div data-elementor-type=\"wp-page\" data-elementor-id=\"3218\" class=\"elementor elementor-3218 elementor-2382\" data-elementor-post-type=\"page\">\n\t\t\t\t<div class=\"elementor-element elementor-element-653eb1ee e-flex e-con-boxed e-con e-parent\" data-id=\"653eb1ee\" data-element_type=\"container\" data-e-type=\"container\" data-settings=\"{&quot;background_background&quot;:&quot;classic&quot;}\">\n\t\t\t\t\t<div class=\"e-con-inner\">\n\t\t\t\t<div class=\"elementor-element elementor-element-84e0924 elementor-widget elementor-widget-heading\" data-id=\"84e0924\" data-element_type=\"widget\" data-e-type=\"widget\" data-widget_type=\"heading.default\">\n\t\t\t\t<div class=\"elementor-widget-container\">\n\t\t\t\t\t<h1 class=\"elementor-heading-title elementor-size-default\">Zarezerwuj BEZP\u0141ATN\u0104 lekcj\u0119 pr\u00f3bn\u0105<\/h1>\t\t\t\t<\/div>\n\t\t\t\t<\/div>\n\t\t\t\t<div class=\"elementor-element elementor-element-db9553f elementor-button-align-stretch elementor-widget elementor-widget-form\" data-id=\"db9553f\" data-element_type=\"widget\" data-e-type=\"widget\" data-settings=\"{&quot;step_next_label&quot;:&quot;Nast\\u0119pny&quot;,&quot;step_previous_label&quot;:&quot;Poprzedni&quot;,&quot;step_type&quot;:&quot;number&quot;,&quot;button_width&quot;:&quot;100&quot;,&quot;step_icon_shape&quot;:&quot;circle&quot;}\" data-widget_type=\"form.default\">\n\t\t\t\t<div class=\"elementor-widget-container\">\n\t\t\t\t\t\t\t<form class=\"elementor-form\" method=\"post\" id=\"free_taster_lesson\" name=\"Nowy formularz\" aria-label=\"Nowy formularz\">\n\t\t\t<input type=\"hidden\" name=\"post_id\" value=\"3218\"\/>\n\t\t\t<input type=\"hidden\" name=\"form_id\" value=\"db9553f\"\/>\n\t\t\t<input type=\"hidden\" name=\"referer_title\" value=\"Bezp\u0142atna lekcja pr\u00f3bna - That English Accent\" \/>\n\n\t\t\t\t\t\t\t<input type=\"hidden\" name=\"queried_id\" value=\"3218\"\/>\n\t\t\t\n\t\t\t<div class=\"elementor-form-fields-wrapper elementor-labels-above\">\n\t\t\t\t\t\t\t\t<div class=\"elementor-field-type-step elementor-field-group elementor-column elementor-field-group-field_48fcd0a elementor-col-100\">\n\t\t\t\t\t\t\t<div class=\"e-field-step elementor-hidden\" data-label=\"\" data-previousButton=\"\" data-nextButton=\"\" data-iconUrl=\"\" data-iconLibrary=\"fas fa-star\" data-icon=\"&lt;svg class=&quot;e-font-icon-svg e-fas-star&quot; viewBox=&quot;0 0 576 512&quot; xmlns=&quot;http:\/\/www.w3.org\/2000\/svg&quot;&gt;&lt;path d=&quot;M259.3 17.8L194 150.2 47.9 171.5c-26.2 3.8-36.7 36.1-17.7 54.6l105.7 103-25 145.5c-4.5 26.3 23.2 46 46.4 33.7L288 439.6l130.7 68.7c23.2 12.2 50.9-7.4 46.4-33.7l-25-145.5 105.7-103c19-18.5 8.5-50.8-17.7-54.6L382 150.2 316.7 17.8c-11.7-23.6-45.6-23.9-57.4 0z&quot;&gt;&lt;\/path&gt;&lt;\/svg&gt;\" ><\/div>\n\n\t\t\t\t\t\t<\/div>\n\t\t\t\t\t\t\t\t<div class=\"elementor-field-type-html elementor-field-group elementor-column elementor-field-group-name elementor-col-100\">\n\t\t\t\t\t<h3>Troch\u0119 o Tobie<\/h3>\t\t\t\t<\/div>\n\t\t\t\t\t\t\t\t<div class=\"elementor-field-type-text elementor-field-group elementor-column elementor-field-group-field_318b323 elementor-col-50 elementor-field-required\">\n\t\t\t\t\t\t\t\t\t\t\t\t<label for=\"form-field-field_318b323\" class=\"elementor-field-label\">\n\t\t\t\t\t\t\t\tImi\u0119\t\t\t\t\t\t\t<\/label>\n\t\t\t\t\t\t\t\t\t\t\t\t\t\t<input size=\"1\" type=\"text\" name=\"form_fields[field_318b323]\" id=\"form-field-field_318b323\" class=\"elementor-field elementor-size-sm  elementor-field-textual\" required=\"required\">\n\t\t\t\t\t\t\t\t\t\t\t<\/div>\n\t\t\t\t\t\t\t\t<div class=\"elementor-field-type-text elementor-field-group elementor-column elementor-field-group-field_e099049 elementor-col-50 elementor-field-required\">\n\t\t\t\t\t\t\t\t\t\t\t\t<label for=\"form-field-field_e099049\" class=\"elementor-field-label\">\n\t\t\t\t\t\t\t\ti nazwisko\t\t\t\t\t\t\t<\/label>\n\t\t\t\t\t\t\t\t\t\t\t\t\t\t<input size=\"1\" type=\"text\" name=\"form_fields[field_e099049]\" id=\"form-field-field_e099049\" class=\"elementor-field elementor-size-sm  elementor-field-textual\" required=\"required\">\n\t\t\t\t\t\t\t\t\t\t\t<\/div>\n\t\t\t\t\t\t\t\t<div class=\"elementor-field-type-step elementor-field-group elementor-column elementor-field-group-field_7652bce elementor-col-100\">\n\t\t\t\t\t\t\t<div class=\"e-field-step elementor-hidden\" data-label=\"\" data-previousButton=\"\" data-nextButton=\"\" data-iconUrl=\"\" data-iconLibrary=\"fas fa-star\" data-icon=\"&lt;svg class=&quot;e-font-icon-svg e-fas-star&quot; viewBox=&quot;0 0 576 512&quot; xmlns=&quot;http:\/\/www.w3.org\/2000\/svg&quot;&gt;&lt;path d=&quot;M259.3 17.8L194 150.2 47.9 171.5c-26.2 3.8-36.7 36.1-17.7 54.6l105.7 103-25 145.5c-4.5 26.3 23.2 46 46.4 33.7L288 439.6l130.7 68.7c23.2 12.2 50.9-7.4 46.4-33.7l-25-145.5 105.7-103c19-18.5 8.5-50.8-17.7-54.6L382 150.2 316.7 17.8c-11.7-23.6-45.6-23.9-57.4 0z&quot;&gt;&lt;\/path&gt;&lt;\/svg&gt;\" ><\/div>\n\n\t\t\t\t\t\t<\/div>\n\t\t\t\t\t\t\t\t<div class=\"elementor-field-type-html elementor-field-group elementor-column elementor-field-group-field_3c61072 elementor-col-100\">\n\t\t\t\t\t<h3>Jak si\u0119 skontaktowa\u0107<\/h3>\t\t\t\t<\/div>\n\t\t\t\t\t\t\t\t<div class=\"elementor-field-type-email elementor-field-group elementor-column elementor-field-group-email elementor-col-50 elementor-field-required\">\n\t\t\t\t\t\t\t\t\t\t\t\t<label for=\"form-field-email\" class=\"elementor-field-label\">\n\t\t\t\t\t\t\t\tTw\u00f3j adres e-mail\t\t\t\t\t\t\t<\/label>\n\t\t\t\t\t\t\t\t\t\t\t\t\t\t<input size=\"1\" type=\"email\" name=\"form_fields[email]\" id=\"form-field-email\" class=\"elementor-field elementor-size-sm  elementor-field-textual\" required=\"required\">\n\t\t\t\t\t\t\t\t\t\t\t<\/div>\n\t\t\t\t\t\t\t\t<div class=\"elementor-field-type-number elementor-field-group elementor-column elementor-field-group-field_921f972 elementor-col-50 elementor-field-required\">\n\t\t\t\t\t\t\t\t\t\t\t\t<label for=\"form-field-field_921f972\" class=\"elementor-field-label\">\n\t\t\t\t\t\t\t\tTw\u00f3j numer telefonu\t\t\t\t\t\t\t<\/label>\n\t\t\t\t\t\t\t\t\t<input type=\"number\" name=\"form_fields[field_921f972]\" id=\"form-field-field_921f972\" class=\"elementor-field elementor-size-sm  elementor-field-textual\" required=\"required\" min=\"\" max=\"\" >\n\t\t\t\t\t\t<\/div>\n\t\t\t\t\t\t\t\t<div class=\"elementor-field-type-step elementor-field-group elementor-column elementor-field-group-field_3920b6b elementor-col-100\">\n\t\t\t\t\t\t\t<div class=\"e-field-step elementor-hidden\" data-label=\"\" data-previousButton=\"\" data-nextButton=\"\" data-iconUrl=\"\" data-iconLibrary=\"fas fa-star\" data-icon=\"&lt;svg class=&quot;e-font-icon-svg e-fas-star&quot; viewBox=&quot;0 0 576 512&quot; xmlns=&quot;http:\/\/www.w3.org\/2000\/svg&quot;&gt;&lt;path d=&quot;M259.3 17.8L194 150.2 47.9 171.5c-26.2 3.8-36.7 36.1-17.7 54.6l105.7 103-25 145.5c-4.5 26.3 23.2 46 46.4 33.7L288 439.6l130.7 68.7c23.2 12.2 50.9-7.4 46.4-33.7l-25-145.5 105.7-103c19-18.5 8.5-50.8-17.7-54.6L382 150.2 316.7 17.8c-11.7-23.6-45.6-23.9-57.4 0z&quot;&gt;&lt;\/path&gt;&lt;\/svg&gt;\" ><\/div>\n\n\t\t\t\t\t\t<\/div>\n\t\t\t\t\t\t\t\t<div class=\"elementor-field-type-html elementor-field-group elementor-column elementor-field-group-field_82ca7ff elementor-col-100\">\n\t\t\t\t\t<h3>Ile masz lat?<\/h3>\t\t\t\t<\/div>\n\t\t\t\t\t\t\t\t<div class=\"elementor-field-type-radio elementor-field-group elementor-column elementor-field-group-field_2f0eca3 elementor-col-100 elementor-field-required\">\n\t\t\t\t\t\t\t\t\t\t\t\t<label for=\"form-field-field_2f0eca3\" class=\"elementor-field-label\">\n\t\t\t\t\t\t\t\tWybierz:\t\t\t\t\t\t\t<\/label>\n\t\t\t\t\t\t<div class=\"elementor-field-subgroup  \"><span class=\"elementor-field-option\"><input type=\"radio\" value=\"Dziecko (0-12)\" id=\"form-field-field_2f0eca3-0\" name=\"form_fields[field_2f0eca3]\" required=\"required\"> <label for=\"form-field-field_2f0eca3-0\">Dziecko (0-12)<\/label><\/span><span class=\"elementor-field-option\"><input type=\"radio\" value=\"Nastolatek (13-15)\" id=\"form-field-field_2f0eca3-1\" name=\"form_fields[field_2f0eca3]\" required=\"required\"> <label for=\"form-field-field_2f0eca3-1\">Nastolatek (13-15)<\/label><\/span><span class=\"elementor-field-option\"><input type=\"radio\" value=\"Doros\u0142y (16+)\" id=\"form-field-field_2f0eca3-2\" name=\"form_fields[field_2f0eca3]\" required=\"required\"> <label for=\"form-field-field_2f0eca3-2\">Doros\u0142y (16+)<\/label><\/span><\/div>\t\t\t\t<\/div>\n\t\t\t\t\t\t\t\t<div class=\"elementor-field-type-step elementor-field-group elementor-column elementor-field-group-field_7e29ada elementor-col-100\">\n\t\t\t\t\t\t\t<div class=\"e-field-step elementor-hidden\" data-label=\"\" data-previousButton=\"\" data-nextButton=\"\" data-iconUrl=\"\" data-iconLibrary=\"fas fa-star\" data-icon=\"&lt;svg class=&quot;e-font-icon-svg e-fas-star&quot; viewBox=&quot;0 0 576 512&quot; xmlns=&quot;http:\/\/www.w3.org\/2000\/svg&quot;&gt;&lt;path d=&quot;M259.3 17.8L194 150.2 47.9 171.5c-26.2 3.8-36.7 36.1-17.7 54.6l105.7 103-25 145.5c-4.5 26.3 23.2 46 46.4 33.7L288 439.6l130.7 68.7c23.2 12.2 50.9-7.4 46.4-33.7l-25-145.5 105.7-103c19-18.5 8.5-50.8-17.7-54.6L382 150.2 316.7 17.8c-11.7-23.6-45.6-23.9-57.4 0z&quot;&gt;&lt;\/path&gt;&lt;\/svg&gt;\" ><\/div>\n\n\t\t\t\t\t\t<\/div>\n\t\t\t\t\t\t\t\t<div class=\"elementor-field-type-html elementor-field-group elementor-column elementor-field-group-field_dfc5e4c elementor-col-100\">\n\t\t\t\t\t<h3>Jaki jest Tw\u00f3j poziom angielskiego?<\/h3>\t\t\t\t<\/div>\n\t\t\t\t\t\t\t\t<div class=\"elementor-field-type-radio elementor-field-group elementor-column elementor-field-group-field_7e409a0 elementor-col-100 elementor-field-required\">\n\t\t\t\t\t\t\t\t\t\t\t\t<label for=\"form-field-field_7e409a0\" class=\"elementor-field-label\">\n\t\t\t\t\t\t\t\tWybierz:\t\t\t\t\t\t\t<\/label>\n\t\t\t\t\t\t<div class=\"elementor-field-subgroup  \"><span class=\"elementor-field-option\"><input type=\"radio\" value=\"Ca\u0142kowicie pocz\u0105tkuj\u0105cy (A1)\" id=\"form-field-field_7e409a0-0\" name=\"form_fields[field_7e409a0]\" required=\"required\"> <label for=\"form-field-field_7e409a0-0\">Ca\u0142kowicie pocz\u0105tkuj\u0105cy (A1)<\/label><\/span><span class=\"elementor-field-option\"><input type=\"radio\" value=\"Znam podstawy (A2-B1)\" id=\"form-field-field_7e409a0-1\" name=\"form_fields[field_7e409a0]\" required=\"required\"> <label for=\"form-field-field_7e409a0-1\">Znam podstawy (A2-B1)<\/label><\/span><span class=\"elementor-field-option\"><input type=\"radio\" value=\"Jestem rozmowny (B2)\" id=\"form-field-field_7e409a0-2\" name=\"form_fields[field_7e409a0]\" required=\"required\"> <label for=\"form-field-field_7e409a0-2\">Jestem rozmowny (B2)<\/label><\/span><span class=\"elementor-field-option\"><input type=\"radio\" value=\"M\u00f3wi\u0119 p\u0142ynnie w wi\u0119kszo\u015bci sytuacji (C1-C2)\" id=\"form-field-field_7e409a0-3\" name=\"form_fields[field_7e409a0]\" required=\"required\"> <label for=\"form-field-field_7e409a0-3\">M\u00f3wi\u0119 p\u0142ynnie w wi\u0119kszo\u015bci sytuacji (C1-C2)<\/label><\/span><span class=\"elementor-field-option\"><input type=\"radio\" value=\"Nie wiem (?)\" id=\"form-field-field_7e409a0-4\" name=\"form_fields[field_7e409a0]\" required=\"required\"> <label for=\"form-field-field_7e409a0-4\">Nie wiem (?)<\/label><\/span><\/div>\t\t\t\t<\/div>\n\t\t\t\t\t\t\t\t<div class=\"elementor-field-type-step elementor-field-group elementor-column elementor-field-group-field_4417674 elementor-col-100\">\n\t\t\t\t\t\t\t<div class=\"e-field-step elementor-hidden\" data-label=\"\" data-previousButton=\"\" data-nextButton=\"\" data-iconUrl=\"\" data-iconLibrary=\"fas fa-star\" data-icon=\"&lt;svg class=&quot;e-font-icon-svg e-fas-star&quot; viewBox=&quot;0 0 576 512&quot; xmlns=&quot;http:\/\/www.w3.org\/2000\/svg&quot;&gt;&lt;path d=&quot;M259.3 17.8L194 150.2 47.9 171.5c-26.2 3.8-36.7 36.1-17.7 54.6l105.7 103-25 145.5c-4.5 26.3 23.2 46 46.4 33.7L288 439.6l130.7 68.7c23.2 12.2 50.9-7.4 46.4-33.7l-25-145.5 105.7-103c19-18.5 8.5-50.8-17.7-54.6L382 150.2 316.7 17.8c-11.7-23.6-45.6-23.9-57.4 0z&quot;&gt;&lt;\/path&gt;&lt;\/svg&gt;\" ><\/div>\n\n\t\t\t\t\t\t<\/div>\n\t\t\t\t\t\t\t\t<div class=\"elementor-field-type-html elementor-field-group elementor-column elementor-field-group-field_cab4f18 elementor-col-100\">\n\t\t\t\t\t<h3>Kiedy mo\u017cna mie\u0107 lekcje?<\/h3>\n<p>Mo\u017cna wybra\u0107 kilka godzin i dni<p>\t\t\t\t<\/div>\n\t\t\t\t\t\t\t\t<div class=\"elementor-field-type-checkbox elementor-field-group elementor-column elementor-field-group-field_b055467 elementor-col-100\">\n\t\t\t\t\t\t\t\t\t\t\t\t<label for=\"form-field-field_b055467\" class=\"elementor-field-label\">\n\t\t\t\t\t\t\t\tRano\t\t\t\t\t\t\t<\/label>\n\t\t\t\t\t\t<div class=\"elementor-field-subgroup  \"><span class=\"elementor-field-option\"><input type=\"checkbox\" value=\"6:00 - 12:00\" id=\"form-field-field_b055467-0\" name=\"form_fields[field_b055467]\"> <label for=\"form-field-field_b055467-0\">6:00 - 12:00<\/label><\/span><\/div>\t\t\t\t<\/div>\n\t\t\t\t\t\t\t\t<div class=\"elementor-field-type-checkbox elementor-field-group elementor-column elementor-field-group-field_01cff42 elementor-col-100\">\n\t\t\t\t\t\t\t\t\t\t\t\t<label for=\"form-field-field_01cff42\" class=\"elementor-field-label\">\n\t\t\t\t\t\t\t\tDzie\u0144\t\t\t\t\t\t\t<\/label>\n\t\t\t\t\t\t<div class=\"elementor-field-subgroup  \"><span class=\"elementor-field-option\"><input type=\"checkbox\" value=\"9:00 - 12:00\" id=\"form-field-field_01cff42-0\" name=\"form_fields[field_01cff42][]\"> <label for=\"form-field-field_01cff42-0\">9:00 - 12:00<\/label><\/span><span class=\"elementor-field-option\"><input type=\"checkbox\" value=\"12:00 - 15:00\" id=\"form-field-field_01cff42-1\" name=\"form_fields[field_01cff42][]\"> <label for=\"form-field-field_01cff42-1\">12:00 - 15:00<\/label><\/span><span class=\"elementor-field-option\"><input type=\"checkbox\" value=\"3:00 - 6:00\" id=\"form-field-field_01cff42-2\" name=\"form_fields[field_01cff42][]\"> <label for=\"form-field-field_01cff42-2\">3:00 - 6:00<\/label><\/span><\/div>\t\t\t\t<\/div>\n\t\t\t\t\t\t\t\t<div class=\"elementor-field-type-checkbox elementor-field-group elementor-column elementor-field-group-field_9469866 elementor-col-100\">\n\t\t\t\t\t\t\t\t\t\t\t\t<label for=\"form-field-field_9469866\" class=\"elementor-field-label\">\n\t\t\t\t\t\t\t\tWiecz\u00f3r\t\t\t\t\t\t\t<\/label>\n\t\t\t\t\t\t<div class=\"elementor-field-subgroup  \"><span class=\"elementor-field-option\"><input type=\"checkbox\" value=\"18:00 - 21:00\" id=\"form-field-field_9469866-0\" name=\"form_fields[field_9469866][]\"> <label for=\"form-field-field_9469866-0\">18:00 - 21:00<\/label><\/span><span class=\"elementor-field-option\"><input type=\"checkbox\" value=\"21:00 - 12:00\" id=\"form-field-field_9469866-1\" name=\"form_fields[field_9469866][]\"> <label for=\"form-field-field_9469866-1\">21:00 - 12:00<\/label><\/span><\/div>\t\t\t\t<\/div>\n\t\t\t\t\t\t\t\t<div class=\"elementor-field-type-checkbox elementor-field-group elementor-column elementor-field-group-field_216b835 elementor-col-100\">\n\t\t\t\t\t\t\t\t\t\t\t\t<label for=\"form-field-field_216b835\" class=\"elementor-field-label\">\n\t\t\t\t\t\t\t\tDni\t\t\t\t\t\t\t<\/label>\n\t\t\t\t\t\t<div class=\"elementor-field-subgroup  \"><span class=\"elementor-field-option\"><input type=\"checkbox\" value=\"Mon\" id=\"form-field-field_216b835-0\" name=\"form_fields[field_216b835][]\"> <label for=\"form-field-field_216b835-0\">Mon<\/label><\/span><span class=\"elementor-field-option\"><input type=\"checkbox\" value=\"Tue\" id=\"form-field-field_216b835-1\" name=\"form_fields[field_216b835][]\"> <label for=\"form-field-field_216b835-1\">Tue<\/label><\/span><span class=\"elementor-field-option\"><input type=\"checkbox\" value=\"Wed\" id=\"form-field-field_216b835-2\" name=\"form_fields[field_216b835][]\"> <label for=\"form-field-field_216b835-2\">Wed<\/label><\/span><span class=\"elementor-field-option\"><input type=\"checkbox\" value=\"Thu\" id=\"form-field-field_216b835-3\" name=\"form_fields[field_216b835][]\"> <label for=\"form-field-field_216b835-3\">Thu<\/label><\/span><span class=\"elementor-field-option\"><input type=\"checkbox\" value=\"Fri\" id=\"form-field-field_216b835-4\" name=\"form_fields[field_216b835][]\"> <label for=\"form-field-field_216b835-4\">Fri<\/label><\/span><span class=\"elementor-field-option\"><input type=\"checkbox\" value=\"Sat\" id=\"form-field-field_216b835-5\" name=\"form_fields[field_216b835][]\"> <label for=\"form-field-field_216b835-5\">Sat<\/label><\/span><span class=\"elementor-field-option\"><input type=\"checkbox\" value=\"Sun\" id=\"form-field-field_216b835-6\" name=\"form_fields[field_216b835][]\"> <label for=\"form-field-field_216b835-6\">Sun<\/label><\/span><\/div>\t\t\t\t<\/div>\n\t\t\t\t\t\t\t\t<div class=\"elementor-field-type-step elementor-field-group elementor-column elementor-field-group-field_52c0001 elementor-col-100\">\n\t\t\t\t\t\t\t<div class=\"e-field-step elementor-hidden\" data-label=\"\" data-previousButton=\"\" data-nextButton=\"\" data-iconUrl=\"\" data-iconLibrary=\"fas fa-star\" data-icon=\"&lt;svg class=&quot;e-font-icon-svg e-fas-star&quot; viewBox=&quot;0 0 576 512&quot; xmlns=&quot;http:\/\/www.w3.org\/2000\/svg&quot;&gt;&lt;path d=&quot;M259.3 17.8L194 150.2 47.9 171.5c-26.2 3.8-36.7 36.1-17.7 54.6l105.7 103-25 145.5c-4.5 26.3 23.2 46 46.4 33.7L288 439.6l130.7 68.7c23.2 12.2 50.9-7.4 46.4-33.7l-25-145.5 105.7-103c19-18.5 8.5-50.8-17.7-54.6L382 150.2 316.7 17.8c-11.7-23.6-45.6-23.9-57.4 0z&quot;&gt;&lt;\/path&gt;&lt;\/svg&gt;\" ><\/div>\n\n\t\t\t\t\t\t<\/div>\n\t\t\t\t\t\t\t\t<div class=\"elementor-field-type-html elementor-field-group elementor-column elementor-field-group-field_a67cce8 elementor-col-100\">\n\t\t\t\t\t<h3>Kt\u00f3rego nauczyciela by\u015b chcia\u0142(a)?<\/h3>\t\t\t\t<\/div>\n\t\t\t\t\t\t\t\t<div class=\"elementor-field-type-select elementor-field-group elementor-column elementor-field-group-field_469ae39 elementor-col-100 elementor-field-required\">\n\t\t\t\t\t\t\t\t\t\t\t\t<label for=\"form-field-field_469ae39\" class=\"elementor-field-label\">\n\t\t\t\t\t\t\t\tWybierz nauczyciela\t\t\t\t\t\t\t<\/label>\n\t\t\t\t\t\t\t\t<div class=\"elementor-field elementor-select-wrapper remove-before \">\n\t\t\t<div class=\"select-caret-down-wrapper\">\n\t\t\t\t<svg aria-hidden=\"true\" class=\"e-font-icon-svg e-eicon-caret-down\" viewBox=\"0 0 571.4 571.4\" xmlns=\"http:\/\/www.w3.org\/2000\/svg\"><path d=\"M571 393Q571 407 561 418L311 668Q300 679 286 679T261 668L11 418Q0 407 0 393T11 368 36 357H536Q550 357 561 368T571 393Z\"><\/path><\/svg>\t\t\t<\/div>\n\t\t\t<select name=\"form_fields[field_469ae39]\" id=\"form-field-field_469ae39\" class=\"elementor-field-textual elementor-size-sm\" required=\"required\">\n\t\t\t\t\t\t\t\t\t<option value=\"Zuzanna Moczarny\">Zuzanna Moczarny<\/option>\n\t\t\t\t\t\t\t\t\t<option value=\"Emilia St\u0119pie\u0144\">Emilia St\u0119pie\u0144<\/option>\n\t\t\t\t\t\t\t\t\t<option value=\"Kasia Postlethwaite\">Kasia Postlethwaite<\/option>\n\t\t\t\t\t\t\t<\/select>\n\t\t<\/div>\n\t\t\t\t\t\t<\/div>\n\t\t\t\t\t\t\t\t<div class=\"elementor-field-group elementor-column elementor-field-type-submit elementor-col-100 e-form__buttons\">\n\t\t\t\t\t<button class=\"elementor-button elementor-size-sm\" type=\"submit\">\n\t\t\t\t\t\t<span class=\"elementor-button-content-wrapper\">\n\t\t\t\t\t\t\t\t\t\t\t\t\t\t\t\t\t\t\t\t\t\t<span class=\"elementor-button-text\">Wy\u015blij<\/span>\n\t\t\t\t\t\t\t\t\t\t\t\t\t<\/span>\n\t\t\t\t\t<\/button>\n\t\t\t\t<\/div>\n\t\t\t<\/div>\n\t\t<\/form>\n\t\t\t\t\t\t<\/div>\n\t\t\t\t<\/div>\n\t\t\t\t\t<\/div>\n\t\t\t\t<\/div>\n\t\t\t\t<\/div>\n\t\t","protected":false},"excerpt":{"rendered":"<p>Zarezerwuj BEZP\u0141ATN\u0104 lekcj\u0119 pr\u00f3bn\u0105<\/p>\n","protected":false},"author":1,"featured_media":0,"parent":0,"menu_order":0,"comment_status":"closed","ping_status":"closed","template":"","meta":{"_acf_changed":false,"inline_featured_image":false,"footnotes":""},"class_list":["post-3218","page","type-page","status-publish","hentry"],"acf":[],"_links":{"self":[{"href":"https:\/\/thatenglishaccent.com\/pl\/wp-json\/wp\/v2\/pages\/3218","targetHints":{"allow":["GET"]}}],"collection":[{"href":"https:\/\/thatenglishaccent.com\/pl\/wp-json\/wp\/v2\/pages"}],"about":[{"href":"https:\/\/thatenglishaccent.com\/pl\/wp-json\/wp\/v2\/types\/page"}],"author":[{"embeddable":true,"href":"https:\/\/thatenglishaccent.com\/pl\/wp-json\/wp\/v2\/users\/1"}],"replies":[{"embeddable":true,"href":"https:\/\/thatenglishaccent.com\/pl\/wp-json\/wp\/v2\/comments?post=3218"}],"version-history":[{"count":27,"href":"https:\/\/thatenglishaccent.com\/pl\/wp-json\/wp\/v2\/pages\/3218\/revisions"}],"predecessor-version":[{"id":3610,"href":"https:\/\/thatenglishaccent.com\/pl\/wp-json\/wp\/v2\/pages\/3218\/revisions\/3610"}],"wp:attachment":[{"href":"https:\/\/thatenglishaccent.com\/pl\/wp-json\/wp\/v2\/media?parent=3218"}],"curies":[{"name":"wp","href":"https:\/\/api.w.org\/{rel}","templated":true}]}}