{"id":3228,"date":"2024-04-05T12:06:46","date_gmt":"2024-04-05T11:06:46","guid":{"rendered":"https:\/\/teadev.thatenglishaccent.com\/dziekuje\/"},"modified":"2024-06-12T13:27:45","modified_gmt":"2024-06-12T12:27:45","slug":"dziekuje","status":"publish","type":"page","link":"https:\/\/thatenglishaccent.com\/pl\/dziekuje\/","title":{"rendered":"Dzi\u0119kuj\u0119"},"content":{"rendered":"<p>Subskrypcja zosta\u0142a pomy\u015blnie utworzona.<\/p>\n","protected":false},"excerpt":{"rendered":"<p>Subskrypcja zosta\u0142a pomy\u015blnie utworzona.<\/p>\n","protected":false},"author":1,"featured_media":0,"parent":0,"menu_order":0,"comment_status":"closed","ping_status":"closed","template":"","meta":{"_acf_changed":false,"inline_featured_image":false,"footnotes":""},"class_list":["post-3228","page","type-page","status-publish","hentry"],"acf":[],"_links":{"self":[{"href":"https:\/\/thatenglishaccent.com\/pl\/wp-json\/wp\/v2\/pages\/3228","targetHints":{"allow":["GET"]}}],"collection":[{"href":"https:\/\/thatenglishaccent.com\/pl\/wp-json\/wp\/v2\/pages"}],"about":[{"href":"https:\/\/thatenglishaccent.com\/pl\/wp-json\/wp\/v2\/types\/page"}],"author":[{"embeddable":true,"href":"https:\/\/thatenglishaccent.com\/pl\/wp-json\/wp\/v2\/users\/1"}],"replies":[{"embeddable":true,"href":"https:\/\/thatenglishaccent.com\/pl\/wp-json\/wp\/v2\/comments?post=3228"}],"version-history":[{"count":1,"href":"https:\/\/thatenglishaccent.com\/pl\/wp-json\/wp\/v2\/pages\/3228\/revisions"}],"predecessor-version":[{"id":3292,"href":"https:\/\/thatenglishaccent.com\/pl\/wp-json\/wp\/v2\/pages\/3228\/revisions\/3292"}],"wp:attachment":[{"href":"https:\/\/thatenglishaccent.com\/pl\/wp-json\/wp\/v2\/media?parent=3228"}],"curies":[{"name":"wp","href":"https:\/\/api.w.org\/{rel}","templated":true}]}}