{"id":3233,"date":"2024-04-05T11:57:31","date_gmt":"2024-04-05T10:57:31","guid":{"rendered":"https:\/\/teadev.thatenglishaccent.com\/platnosc-nie-powiodla-sie\/"},"modified":"2024-06-12T13:26:41","modified_gmt":"2024-06-12T12:26:41","slug":"platnosc-nie-powiodla-sie","status":"publish","type":"page","link":"https:\/\/thatenglishaccent.com\/pl\/platnosc-nie-powiodla-sie\/","title":{"rendered":"P\u0142atno\u015b\u0107 nie powiod\u0142a si\u0119"},"content":{"rendered":"We&#8217;re sorry, but your transaction failed to process. Please try again or contact site support.","protected":false},"excerpt":{"rendered":"<p>We&#8217;re sorry, but your transaction failed to process. Please try again or contact site support.<\/p>\n","protected":false},"author":1,"featured_media":0,"parent":0,"menu_order":0,"comment_status":"closed","ping_status":"closed","template":"","meta":{"_acf_changed":false,"inline_featured_image":false,"footnotes":""},"class_list":["post-3233","page","type-page","status-publish","hentry"],"acf":[],"_links":{"self":[{"href":"https:\/\/thatenglishaccent.com\/pl\/wp-json\/wp\/v2\/pages\/3233","targetHints":{"allow":["GET"]}}],"collection":[{"href":"https:\/\/thatenglishaccent.com\/pl\/wp-json\/wp\/v2\/pages"}],"about":[{"href":"https:\/\/thatenglishaccent.com\/pl\/wp-json\/wp\/v2\/types\/page"}],"author":[{"embeddable":true,"href":"https:\/\/thatenglishaccent.com\/pl\/wp-json\/wp\/v2\/users\/1"}],"replies":[{"embeddable":true,"href":"https:\/\/thatenglishaccent.com\/pl\/wp-json\/wp\/v2\/comments?post=3233"}],"version-history":[{"count":3,"href":"https:\/\/thatenglishaccent.com\/pl\/wp-json\/wp\/v2\/pages\/3233\/revisions"}],"predecessor-version":[{"id":3289,"href":"https:\/\/thatenglishaccent.com\/pl\/wp-json\/wp\/v2\/pages\/3233\/revisions\/3289"}],"wp:attachment":[{"href":"https:\/\/thatenglishaccent.com\/pl\/wp-json\/wp\/v2\/media?parent=3233"}],"curies":[{"name":"wp","href":"https:\/\/api.w.org\/{rel}","templated":true}]}}