{"id":3602,"date":"2024-11-01T10:04:43","date_gmt":"2024-11-01T10:04:43","guid":{"rendered":"https:\/\/thatenglishaccent.com\/darmowa-lekcja-probna-sukces\/"},"modified":"2024-11-03T18:52:09","modified_gmt":"2024-11-03T18:52:09","slug":"darmowa-lekcja-probna-sukces","status":"publish","type":"page","link":"https:\/\/thatenglishaccent.com\/pl\/darmowa-lekcja-probna-sukces\/","title":{"rendered":"Darmowa lekcja pr\u00f3bna &#8211; sukces"},"content":{"rendered":"\t\t<div data-elementor-type=\"wp-page\" data-elementor-id=\"3602\" class=\"elementor elementor-3602 elementor-3582\" data-elementor-post-type=\"page\">\n\t\t\t\t<div class=\"elementor-element elementor-element-653eb1ee e-flex e-con-boxed e-con e-parent\" data-id=\"653eb1ee\" data-element_type=\"container\" data-e-type=\"container\" data-settings=\"{&quot;background_background&quot;:&quot;classic&quot;}\">\n\t\t\t\t\t<div class=\"e-con-inner\">\n\t\t\t\t<div class=\"elementor-element elementor-element-84e0924 elementor-widget elementor-widget-heading\" data-id=\"84e0924\" data-element_type=\"widget\" data-e-type=\"widget\" data-widget_type=\"heading.default\">\n\t\t\t\t<div class=\"elementor-widget-container\">\n\t\t\t\t\t<h1 class=\"elementor-heading-title elementor-size-default\">Zarezerwuj BEZP\u0141ATN\u0104 lekcj\u0119 pr\u00f3bn\u0105<\/h1>\t\t\t\t<\/div>\n\t\t\t\t<\/div>\n\t\t\t\t\t<\/div>\n\t\t\t\t<\/div>\n\t\t<div class=\"elementor-element elementor-element-f7ade12 e-flex e-con-boxed e-con e-parent\" data-id=\"f7ade12\" data-element_type=\"container\" data-e-type=\"container\" data-settings=\"{&quot;background_background&quot;:&quot;classic&quot;}\">\n\t\t\t\t\t<div class=\"e-con-inner\">\n\t\t\t\t<div class=\"elementor-element elementor-element-a307cf0 elementor-widget elementor-widget-image\" data-id=\"a307cf0\" data-element_type=\"widget\" data-e-type=\"widget\" data-widget_type=\"image.default\">\n\t\t\t\t<div class=\"elementor-widget-container\">\n\t\t\t\t\t\t\t\t\t\t\t\t\t\t\t<img fetchpriority=\"high\" decoding=\"async\" width=\"512\" height=\"512\" src=\"https:\/\/thatenglishaccent.com\/wp-content\/uploads\/2024\/11\/check.png\" class=\"attachment-large size-large wp-image-3585\" alt=\"\" srcset=\"https:\/\/thatenglishaccent.com\/wp-content\/uploads\/2024\/11\/check.png 512w, https:\/\/thatenglishaccent.com\/wp-content\/uploads\/2024\/11\/check-300x300.png 300w, https:\/\/thatenglishaccent.com\/wp-content\/uploads\/2024\/11\/check-150x150.png 150w\" sizes=\"(max-width: 512px) 100vw, 512px\" \/>\t\t\t\t\t\t\t\t\t\t\t\t\t\t\t<\/div>\n\t\t\t\t<\/div>\n\t\t\t\t<div class=\"elementor-element elementor-element-be69bf9 elementor-widget elementor-widget-text-editor\" data-id=\"be69bf9\" data-element_type=\"widget\" data-e-type=\"widget\" data-widget_type=\"text-editor.default\">\n\t\t\t\t<div class=\"elementor-widget-container\">\n\t\t\t\t\t\t\t\t\t<h2 style=\"font-weight: 400;\">Sukces!  <\/h2>\n<p style=\"font-weight: 400;\"><strong>Twoja pro\u015bba o lekcj\u0119 zosta\u0142a odebrana.  <\/strong><\/p>\n<p style=\"font-weight: 400;\">Skontaktujemy si\u0119 z Tob\u0105 za po\u015brednictwem poczty elektronicznej.<br \/>(Sprawd\u017a folder spam)<\/p>\n\t\t\t\t\t\t\t\t<\/div>\n\t\t\t\t<\/div>\n\t\t\t\t\t<\/div>\n\t\t\t\t<\/div>\n\t\t\t\t<\/div>\n\t\t","protected":false},"excerpt":{"rendered":"<p>Zarezerwuj BEZP\u0141ATN\u0104 lekcj\u0119 pr\u00f3bn\u0105 Sukces! Twoja pro\u015bba o lekcj\u0119 zosta\u0142a odebrana. Skontaktujemy si\u0119 z Tob\u0105 za po\u015brednictwem poczty elektronicznej.(Sprawd\u017a folder spam)<\/p>\n","protected":false},"author":1,"featured_media":0,"parent":0,"menu_order":0,"comment_status":"closed","ping_status":"closed","template":"","meta":{"_acf_changed":false,"inline_featured_image":false,"footnotes":""},"class_list":["post-3602","page","type-page","status-publish","hentry"],"acf":[],"_links":{"self":[{"href":"https:\/\/thatenglishaccent.com\/pl\/wp-json\/wp\/v2\/pages\/3602","targetHints":{"allow":["GET"]}}],"collection":[{"href":"https:\/\/thatenglishaccent.com\/pl\/wp-json\/wp\/v2\/pages"}],"about":[{"href":"https:\/\/thatenglishaccent.com\/pl\/wp-json\/wp\/v2\/types\/page"}],"author":[{"embeddable":true,"href":"https:\/\/thatenglishaccent.com\/pl\/wp-json\/wp\/v2\/users\/1"}],"replies":[{"embeddable":true,"href":"https:\/\/thatenglishaccent.com\/pl\/wp-json\/wp\/v2\/comments?post=3602"}],"version-history":[{"count":1,"href":"https:\/\/thatenglishaccent.com\/pl\/wp-json\/wp\/v2\/pages\/3602\/revisions"}],"predecessor-version":[{"id":3603,"href":"https:\/\/thatenglishaccent.com\/pl\/wp-json\/wp\/v2\/pages\/3602\/revisions\/3603"}],"wp:attachment":[{"href":"https:\/\/thatenglishaccent.com\/pl\/wp-json\/wp\/v2\/media?parent=3602"}],"curies":[{"name":"wp","href":"https:\/\/api.w.org\/{rel}","templated":true}]}}